{"id":1027,"date":"2023-03-03T19:45:41","date_gmt":"2023-03-03T22:45:41","guid":{"rendered":"https:\/\/www.follow-up.com.br\/pt\/?page_id=1027"},"modified":"2023-03-10T09:52:42","modified_gmt":"2023-03-10T12:52:42","slug":"joana-lavor","status":"publish","type":"page","link":"https:\/\/www.follow-up.com.br\/pt\/joana-lavor\/","title":{"rendered":"Joana Lav\u00f4r"},"content":{"rendered":"\n<style type=\"text\/css\" data-created_by=\"avia_inline_auto\" id=\"style-css-av-let4i8cg-4bcde55bc883c752703d6a64faf5a1c9\">\n#top .av-special-heading.av-let4i8cg-4bcde55bc883c752703d6a64faf5a1c9{\npadding-bottom:10px;\n}\nbody .av-special-heading.av-let4i8cg-4bcde55bc883c752703d6a64faf5a1c9 .av-special-heading-tag .heading-char{\nfont-size:25px;\n}\n.av-special-heading.av-let4i8cg-4bcde55bc883c752703d6a64faf5a1c9 .av-subheading{\nfont-size:15px;\n}\n<\/style>\n<div  class='av-special-heading av-let4i8cg-4bcde55bc883c752703d6a64faf5a1c9 av-special-heading-h1 blockquote modern-quote  avia-builder-el-0  el_before_av_heading  avia-builder-el-first '><h1 class='av-special-heading-tag'  itemprop=\"headline\"  >Joana Lav\u00f4r<\/h1><div class=\"special-heading-border\"><div class=\"special-heading-inner-border\"><\/div><\/div><\/div>\n\n<style type=\"text\/css\" data-created_by=\"avia_inline_auto\" id=\"style-css-av-let4ivso-c90907f3eff138a9f24ca8efa36e029d\">\n#top .av-special-heading.av-let4ivso-c90907f3eff138a9f24ca8efa36e029d{\npadding-bottom:10px;\n}\nbody .av-special-heading.av-let4ivso-c90907f3eff138a9f24ca8efa36e029d .av-special-heading-tag .heading-char{\nfont-size:25px;\n}\n.av-special-heading.av-let4ivso-c90907f3eff138a9f24ca8efa36e029d .av-subheading{\nfont-size:15px;\n}\n<\/style>\n<div  class='av-special-heading av-let4ivso-c90907f3eff138a9f24ca8efa36e029d av-special-heading-h3  avia-builder-el-1  el_after_av_heading  el_before_av_two_fifth '><h3 class='av-special-heading-tag'  itemprop=\"headline\"  >Diretora de Rela\u00e7\u00f5es P\u00fablicas<\/h3><div class=\"special-heading-border\"><div class=\"special-heading-inner-border\"><\/div><\/div><\/div>\n\n<style type=\"text\/css\" data-created_by=\"avia_inline_auto\" id=\"style-css-av-2ybm03-8d7b5e83598036e09cea47289360aa33\">\n.flex_column.av-2ybm03-8d7b5e83598036e09cea47289360aa33{\nborder-radius:0px 0px 0px 0px;\npadding:0px 0px 0px 0px;\n}\n<\/style>\n<div  class='flex_column av-2ybm03-8d7b5e83598036e09cea47289360aa33 av_two_fifth  avia-builder-el-2  el_after_av_heading  el_before_av_hr  first flex_column_div av-zero-column-padding  '     ><style type=\"text\/css\" data-created_by=\"avia_inline_auto\" id=\"style-css-av-m2l6x-00a14c13c02eb607e95e278a74d613e3\">\n.avia-image-container.av-m2l6x-00a14c13c02eb607e95e278a74d613e3 img.avia_image{\nbox-shadow:none;\n}\n.avia-image-container.av-m2l6x-00a14c13c02eb607e95e278a74d613e3 .av-image-caption-overlay-center{\ncolor:#ffffff;\n}\n<\/style>\n<div  class='avia-image-container av-m2l6x-00a14c13c02eb607e95e278a74d613e3 av-styling- avia-align-left  avia-builder-el-3  avia-builder-el-no-sibling '   itemprop=\"image\" itemscope=\"itemscope\" itemtype=\"https:\/\/schema.org\/ImageObject\" ><div class=\"avia-image-container-inner\"><div class=\"avia-image-overlay-wrap\"><img decoding=\"async\" fetchpriority=\"high\" class='wp-image-1049 avia-img-lazy-loading-not-1049 avia_image ' src=\"https:\/\/www.follow-up.com.br\/pt\/wp-content\/uploads\/2023\/03\/Foto-de-perfil-Joana-1007x1030-1.png\" alt='' title='Foto-de-perfil-Joana-1007x1030'  height=\"1030\" width=\"1007\"  itemprop=\"thumbnailUrl\" srcset=\"https:\/\/www.follow-up.com.br\/pt\/wp-content\/uploads\/2023\/03\/Foto-de-perfil-Joana-1007x1030-1.png 1007w, https:\/\/www.follow-up.com.br\/pt\/wp-content\/uploads\/2023\/03\/Foto-de-perfil-Joana-1007x1030-1-293x300.png 293w, https:\/\/www.follow-up.com.br\/pt\/wp-content\/uploads\/2023\/03\/Foto-de-perfil-Joana-1007x1030-1-768x786.png 768w, https:\/\/www.follow-up.com.br\/pt\/wp-content\/uploads\/2023\/03\/Foto-de-perfil-Joana-1007x1030-1-36x36.png 36w, https:\/\/www.follow-up.com.br\/pt\/wp-content\/uploads\/2023\/03\/Foto-de-perfil-Joana-1007x1030-1-689x705.png 689w\" sizes=\"(max-width: 1007px) 100vw, 1007px\" \/><\/div><\/div><\/div><\/div><div  class='hr av-fugip-c335354130420af29a66dd15e57d10ec hr-default  avia-builder-el-4  el_after_av_two_fifth  el_before_av_button '><span class='hr-inner '><span class=\"hr-inner-style\"><\/span><\/span><\/div><\/p>\n<div  class='avia-button-wrap av-let63jxa-a9881ea29e98ab05c661ebe00fc4d55b-wrap avia-button-left  avia-builder-el-5  el_after_av_hr  el_before_av_textblock '><a href='https:\/\/www.linkedin.com\/in\/joana-lav%C3%B4r\/' class='avia-button av-let63jxa-a9881ea29e98ab05c661ebe00fc4d55b av-link-btn avia-icon_select-yes-left-icon avia-size-medium avia-position-left avia-color-theme-color' target=\"_blank\" rel=\"noopener noreferrer\"><span class='avia_button_icon avia_button_icon_left' aria-hidden='true' data-av_icon='\ue8fc' data-av_iconfont='entypo-fontello'><\/span><span class='avia_iconbox_title' >Linkedin<\/span><\/a><\/div>\n<section  class='av_textblock_section av-8yloh-12e1405471a7307972e282257b09ba04 '   itemscope=\"itemscope\" itemtype=\"https:\/\/schema.org\/CreativeWork\" ><div class='avia_textblock'  itemprop=\"text\" ><p>Profissional de tradu\u00e7\u00e3o, revis\u00e3o e transcria\u00e7\u00e3o em TI, localiza\u00e7\u00e3o de software e marketing digital desde 2010. Na Follow-Up Tradu\u00e7\u00f5es T\u00e9cnicas, Joana \u00e9 Diretora de Rela\u00e7\u00f5es P\u00fablicas e coordena o Departamento de Marketing e treinamentos internos de colaboradores da equipe.<\/p>\n<\/div><\/section>\n","protected":false},"excerpt":{"rendered":"","protected":false},"author":1,"featured_media":0,"parent":0,"menu_order":0,"comment_status":"closed","ping_status":"closed","template":"","meta":{"_joinchat":[],"footnotes":""},"class_list":["post-1027","page","type-page","status-publish","hentry"],"yoast_head":"<!-- This site is optimized with the Yoast SEO plugin v26.9 - https:\/\/yoast.com\/product\/yoast-seo-wordpress\/ -->\n<title>Joana Lav\u00f4r - Follow-Up Tradu\u00e7\u00f5es T\u00e9cnicas, Tradu\u00e7\u00e3o Juramentada<\/title>\n<meta name=\"robots\" content=\"index, follow, max-snippet:-1, max-image-preview:large, max-video-preview:-1\" \/>\n<link rel=\"canonical\" href=\"https:\/\/www.follow-up.com.br\/pt\/joana-lavor\/\" \/>\n<meta property=\"og:locale\" content=\"pt_BR\" \/>\n<meta property=\"og:type\" content=\"article\" \/>\n<meta property=\"og:title\" content=\"Joana Lav\u00f4r - Follow-Up Tradu\u00e7\u00f5es T\u00e9cnicas, Tradu\u00e7\u00e3o Juramentada\" \/>\n<meta property=\"og:url\" content=\"https:\/\/www.follow-up.com.br\/pt\/joana-lavor\/\" \/>\n<meta property=\"og:site_name\" content=\"Follow-Up Tradu\u00e7\u00f5es T\u00e9cnicas, Tradu\u00e7\u00e3o Juramentada\" \/>\n<meta property=\"article:modified_time\" content=\"2023-03-10T12:52:42+00:00\" \/>\n<meta name=\"twitter:card\" content=\"summary_large_image\" \/>\n<meta name=\"twitter:label1\" content=\"Est. tempo de leitura\" \/>\n\t<meta name=\"twitter:data1\" content=\"6 minutos\" \/>\n<script type=\"application\/ld+json\" class=\"yoast-schema-graph\">{\"@context\":\"https:\/\/schema.org\",\"@graph\":[{\"@type\":\"WebPage\",\"@id\":\"https:\/\/www.follow-up.com.br\/pt\/joana-lavor\/\",\"url\":\"https:\/\/www.follow-up.com.br\/pt\/joana-lavor\/\",\"name\":\"Joana Lav\u00f4r - Follow-Up Tradu\u00e7\u00f5es T\u00e9cnicas, Tradu\u00e7\u00e3o Juramentada\",\"isPartOf\":{\"@id\":\"https:\/\/www.follow-up.com.br\/pt\/#website\"},\"datePublished\":\"2023-03-03T22:45:41+00:00\",\"dateModified\":\"2023-03-10T12:52:42+00:00\",\"breadcrumb\":{\"@id\":\"https:\/\/www.follow-up.com.br\/pt\/joana-lavor\/#breadcrumb\"},\"inLanguage\":\"pt-BR\",\"potentialAction\":[{\"@type\":\"ReadAction\",\"target\":[\"https:\/\/www.follow-up.com.br\/pt\/joana-lavor\/\"]}]},{\"@type\":\"BreadcrumbList\",\"@id\":\"https:\/\/www.follow-up.com.br\/pt\/joana-lavor\/#breadcrumb\",\"itemListElement\":[{\"@type\":\"ListItem\",\"position\":1,\"name\":\"In\u00edcio\",\"item\":\"https:\/\/www.follow-up.com.br\/pt\/\"},{\"@type\":\"ListItem\",\"position\":2,\"name\":\"Joana Lav\u00f4r\"}]},{\"@type\":\"WebSite\",\"@id\":\"https:\/\/www.follow-up.com.br\/pt\/#website\",\"url\":\"https:\/\/www.follow-up.com.br\/pt\/\",\"name\":\"Follow-Up Tradu\u00e7\u00f5es T\u00e9cnicas, Tradu\u00e7\u00e3o Juramentada\",\"description\":\"Tradu\u00e7\u00f5es T\u00e9cnicas em \u00c1reas Especializadas,Tradu\u00e7\u00e3o juramentada Localiza\u00e7\u00e3o de Software e Websites\",\"potentialAction\":[{\"@type\":\"SearchAction\",\"target\":{\"@type\":\"EntryPoint\",\"urlTemplate\":\"https:\/\/www.follow-up.com.br\/pt\/?s={search_term_string}\"},\"query-input\":{\"@type\":\"PropertyValueSpecification\",\"valueRequired\":true,\"valueName\":\"search_term_string\"}}],\"inLanguage\":\"pt-BR\"}]}<\/script>\n<!-- \/ Yoast SEO plugin. -->","yoast_head_json":{"title":"Joana Lav\u00f4r - Follow-Up Tradu\u00e7\u00f5es T\u00e9cnicas, Tradu\u00e7\u00e3o Juramentada","robots":{"index":"index","follow":"follow","max-snippet":"max-snippet:-1","max-image-preview":"max-image-preview:large","max-video-preview":"max-video-preview:-1"},"canonical":"https:\/\/www.follow-up.com.br\/pt\/joana-lavor\/","og_locale":"pt_BR","og_type":"article","og_title":"Joana Lav\u00f4r - Follow-Up Tradu\u00e7\u00f5es T\u00e9cnicas, Tradu\u00e7\u00e3o Juramentada","og_url":"https:\/\/www.follow-up.com.br\/pt\/joana-lavor\/","og_site_name":"Follow-Up Tradu\u00e7\u00f5es T\u00e9cnicas, Tradu\u00e7\u00e3o Juramentada","article_modified_time":"2023-03-10T12:52:42+00:00","twitter_card":"summary_large_image","twitter_misc":{"Est. tempo de leitura":"6 minutos"},"schema":{"@context":"https:\/\/schema.org","@graph":[{"@type":"WebPage","@id":"https:\/\/www.follow-up.com.br\/pt\/joana-lavor\/","url":"https:\/\/www.follow-up.com.br\/pt\/joana-lavor\/","name":"Joana Lav\u00f4r - Follow-Up Tradu\u00e7\u00f5es T\u00e9cnicas, Tradu\u00e7\u00e3o Juramentada","isPartOf":{"@id":"https:\/\/www.follow-up.com.br\/pt\/#website"},"datePublished":"2023-03-03T22:45:41+00:00","dateModified":"2023-03-10T12:52:42+00:00","breadcrumb":{"@id":"https:\/\/www.follow-up.com.br\/pt\/joana-lavor\/#breadcrumb"},"inLanguage":"pt-BR","potentialAction":[{"@type":"ReadAction","target":["https:\/\/www.follow-up.com.br\/pt\/joana-lavor\/"]}]},{"@type":"BreadcrumbList","@id":"https:\/\/www.follow-up.com.br\/pt\/joana-lavor\/#breadcrumb","itemListElement":[{"@type":"ListItem","position":1,"name":"In\u00edcio","item":"https:\/\/www.follow-up.com.br\/pt\/"},{"@type":"ListItem","position":2,"name":"Joana Lav\u00f4r"}]},{"@type":"WebSite","@id":"https:\/\/www.follow-up.com.br\/pt\/#website","url":"https:\/\/www.follow-up.com.br\/pt\/","name":"Follow-Up Tradu\u00e7\u00f5es T\u00e9cnicas, Tradu\u00e7\u00e3o Juramentada","description":"Tradu\u00e7\u00f5es T\u00e9cnicas em \u00c1reas Especializadas,Tradu\u00e7\u00e3o juramentada Localiza\u00e7\u00e3o de Software e Websites","potentialAction":[{"@type":"SearchAction","target":{"@type":"EntryPoint","urlTemplate":"https:\/\/www.follow-up.com.br\/pt\/?s={search_term_string}"},"query-input":{"@type":"PropertyValueSpecification","valueRequired":true,"valueName":"search_term_string"}}],"inLanguage":"pt-BR"}]}},"_links":{"self":[{"href":"https:\/\/www.follow-up.com.br\/pt\/wp-json\/wp\/v2\/pages\/1027","targetHints":{"allow":["GET"]}}],"collection":[{"href":"https:\/\/www.follow-up.com.br\/pt\/wp-json\/wp\/v2\/pages"}],"about":[{"href":"https:\/\/www.follow-up.com.br\/pt\/wp-json\/wp\/v2\/types\/page"}],"author":[{"embeddable":true,"href":"https:\/\/www.follow-up.com.br\/pt\/wp-json\/wp\/v2\/users\/1"}],"replies":[{"embeddable":true,"href":"https:\/\/www.follow-up.com.br\/pt\/wp-json\/wp\/v2\/comments?post=1027"}],"version-history":[{"count":7,"href":"https:\/\/www.follow-up.com.br\/pt\/wp-json\/wp\/v2\/pages\/1027\/revisions"}],"predecessor-version":[{"id":1050,"href":"https:\/\/www.follow-up.com.br\/pt\/wp-json\/wp\/v2\/pages\/1027\/revisions\/1050"}],"wp:attachment":[{"href":"https:\/\/www.follow-up.com.br\/pt\/wp-json\/wp\/v2\/media?parent=1027"}],"curies":[{"name":"wp","href":"https:\/\/api.w.org\/{rel}","templated":true}]}}