{"id":113,"date":"2015-10-22T14:34:37","date_gmt":"2015-10-22T16:34:37","guid":{"rendered":"http:\/\/test.kriesi.at\/construction\/?page_id=113"},"modified":"2020-08-03T15:42:19","modified_gmt":"2020-08-03T18:42:19","slug":"traducao_juramentada","status":"publish","type":"page","link":"https:\/\/www.follow-up.com.br\/pt\/servicos\/traducao_juramentada\/","title":{"rendered":"Tradu\u00e7\u00e3o Juramentada"},"content":{"rendered":"\n<style type=\"text\/css\" data-created_by=\"avia_inline_auto\" id=\"style-css-av-62pjl-7fc0733b35a9a6b9777fb8126bd4022e\">\n#top .flex_column.av-62pjl-7fc0733b35a9a6b9777fb8126bd4022e{\nmargin-top:0px;\nmargin-bottom:0px;\n}\n.flex_column.av-62pjl-7fc0733b35a9a6b9777fb8126bd4022e{\nborder-radius:0px 0px 0px 0px;\npadding:0px 0px 0px 0px;\n}\n.responsive #top #wrap_all .flex_column.av-62pjl-7fc0733b35a9a6b9777fb8126bd4022e{\nmargin-top:0px;\nmargin-bottom:0px;\n}\n<\/style>\n<div  class='flex_column av-62pjl-7fc0733b35a9a6b9777fb8126bd4022e av_one_full  avia-builder-el-0  el_before_av_one_full  avia-builder-el-first  first flex_column_div av-animated-generic bottom-to-top av-zero-column-padding  '     ><p>\n<style type=\"text\/css\" data-created_by=\"avia_inline_auto\" id=\"style-css-av-1nd39t-ff04280417f82e6b627b417d99771984\">\n#top .av-special-heading.av-1nd39t-ff04280417f82e6b627b417d99771984{\npadding-bottom:0;\n}\nbody .av-special-heading.av-1nd39t-ff04280417f82e6b627b417d99771984 .av-special-heading-tag .heading-char{\nfont-size:25px;\n}\n.av-special-heading.av-1nd39t-ff04280417f82e6b627b417d99771984 .av-subheading{\nfont-size:15px;\n}\n<\/style>\n<div  class='av-special-heading av-1nd39t-ff04280417f82e6b627b417d99771984 av-special-heading-h1 blockquote modern-quote  avia-builder-el-1  el_before_av_hr  avia-builder-el-first '><h1 class='av-special-heading-tag'  itemprop=\"headline\"  >Tradu\u00e7\u00e3o Juramentada<\/h1><div class=\"special-heading-border\"><div class=\"special-heading-inner-border\"><\/div><\/div><\/div><br \/>\n\n<style type=\"text\/css\" data-created_by=\"avia_inline_auto\" id=\"style-css-av-1gyc69-0d0768b9d6a6b4aa6c733eb9729131e0\">\n#top .hr.av-1gyc69-0d0768b9d6a6b4aa6c733eb9729131e0{\nmargin-top:10px;\nmargin-bottom:10px;\n}\n.hr.av-1gyc69-0d0768b9d6a6b4aa6c733eb9729131e0 .hr-inner{\nwidth:50px;\nborder-color:#efbb20;\n}\n<\/style>\n<div  class='hr av-1gyc69-0d0768b9d6a6b4aa6c733eb9729131e0 hr-custom  avia-builder-el-2  el_after_av_heading  avia-builder-el-last  hr-left hr-icon-no'><span class='hr-inner inner-border-av-border-fat'><span class=\"hr-inner-style\"><\/span><\/span><\/div><\/p><\/div>\n\n<style type=\"text\/css\" data-created_by=\"avia_inline_auto\" id=\"style-css-av-18typl-6508390056a8c5ae7b43566821a2bd14\">\n#top .flex_column.av-18typl-6508390056a8c5ae7b43566821a2bd14{\nmargin-top:0px;\nmargin-bottom:0px;\n}\n.flex_column.av-18typl-6508390056a8c5ae7b43566821a2bd14{\nborder-radius:0px 0px 0px 0px;\npadding:0px 0px 0px 0px;\n}\n.responsive #top #wrap_all .flex_column.av-18typl-6508390056a8c5ae7b43566821a2bd14{\nmargin-top:0px;\nmargin-bottom:0px;\n}\n<\/style>\n<div  class='flex_column av-18typl-6508390056a8c5ae7b43566821a2bd14 av_one_full  avia-builder-el-3  el_after_av_one_full  el_before_av_one_half  first flex_column_div av-animated-generic bottom-to-top av-zero-column-padding  column-top-margin'     ><section  class='av_textblock_section av-135gtt-9e3d905bb801ddd7b48fb89adc52f044 '   itemscope=\"itemscope\" itemtype=\"https:\/\/schema.org\/CreativeWork\" ><div class='avia_textblock'  itemprop=\"text\" ><p>Nosso\u00a0Departamento de Tradu\u00e7\u00e3o Juramentada \u00e9 gerenciado pela\u00a0Ana Beatriz Miranda Fernandes, Tradutora P\u00fablica e Int\u00e9rprete Comercial da l\u00edngua inglesa, Matr\u00edcula JUCERJA 180. A tradu\u00e7\u00e3o juramentada \u00e9\u00a0a tradu\u00e7\u00e3o com f\u00e9 p\u00fablica, nacional e internacional, de qualquer documento, de ingl\u00eas para portugu\u00eas e\/ou vice-versa, e o documento traduzido tem o mesmo valor legal que o documento original.<\/p>\n<p>Envie o seu documento por e-mail \u00e0 Ana Beatriz\u00a0(<a href=\"mailto:abeatriz@follow-up.com.br\">abeatriz@follow-up.com.br)<\/a>, e pe\u00e7a j\u00e1 o seu or\u00e7amento!<\/p>\n<\/div><\/section><\/div>\n<style type=\"text\/css\" data-created_by=\"avia_inline_auto\" id=\"style-css-av-w10kp-381edce2badd22180e45975312bd1d60\">\n.flex_column.av-w10kp-381edce2badd22180e45975312bd1d60{\nborder-radius:0px 0px 0px 0px;\npadding:0px 0px 0px 0px;\n}\n<\/style>\n<div  class='flex_column av-w10kp-381edce2badd22180e45975312bd1d60 av_one_half  avia-builder-el-5  el_after_av_one_full  el_before_av_one_half  first flex_column_div av-animated-generic bottom-to-top av-zero-column-padding  column-top-margin'     ><p>\n<style type=\"text\/css\" data-created_by=\"avia_inline_auto\" id=\"style-css-av-pucdd-d3cb6d7f24cb4d607959dc13f1adf4d6\">\n#top .hr.av-pucdd-d3cb6d7f24cb4d607959dc13f1adf4d6{\nmargin-top:10px;\nmargin-bottom:10px;\n}\n.hr.av-pucdd-d3cb6d7f24cb4d607959dc13f1adf4d6 .hr-inner{\nwidth:50px;\nborder-color:#efbb20;\n}\n<\/style>\n<div  class='hr av-pucdd-d3cb6d7f24cb4d607959dc13f1adf4d6 hr-custom  avia-builder-el-6  el_before_av_textblock  avia-builder-el-first  hr-left hr-icon-no'><span class='hr-inner inner-border-av-border-fat'><span class=\"hr-inner-style\"><\/span><\/span><\/div><br \/>\n<section  class='av_textblock_section av-n9q9l-589ec44aa37f8d9c61ba2cf58f0d8764 '   itemscope=\"itemscope\" itemtype=\"https:\/\/schema.org\/CreativeWork\" ><div class='avia_textblock'  itemprop=\"text\" ><p>Ap\u00f3s a an\u00e1lise do seu material para tradu\u00e7\u00e3o juramentada, elaboramos um or\u00e7amento estimativo com base no documento original e o seu valor final ser\u00e1 determinado pelo n\u00famero de laudas da tradu\u00e7\u00e3o ou vers\u00e3o, ao t\u00e9rmino do trabalho.<\/p>\n<\/div><\/section><\/p><\/div><\/p>\n\n<style type=\"text\/css\" data-created_by=\"avia_inline_auto\" id=\"style-css-av-1o0kx-396dc183313c925de11ccfefc5978b3b\">\n.flex_column.av-1o0kx-396dc183313c925de11ccfefc5978b3b{\nborder-radius:0px 0px 0px 0px;\npadding:0px 0px 0px 0px;\n}\n<\/style>\n<div  class='flex_column av-1o0kx-396dc183313c925de11ccfefc5978b3b av_one_half  avia-builder-el-8  el_after_av_one_half  avia-builder-el-last  flex_column_div av-animated-generic bottom-to-top av-zero-column-padding  column-top-margin'     ><style type=\"text\/css\" data-created_by=\"avia_inline_auto\" id=\"style-css-av-aabvl-bf6d92ed071fda69b1fe103f6f949f42\">\n.avia-image-container.av-aabvl-bf6d92ed071fda69b1fe103f6f949f42 img.avia_image{\nbox-shadow:none;\n}\n.avia-image-container.av-aabvl-bf6d92ed071fda69b1fe103f6f949f42 .av-image-caption-overlay-center{\ncolor:#ffffff;\n}\n<\/style>\n<div  class='avia-image-container av-aabvl-bf6d92ed071fda69b1fe103f6f949f42 av-styling-no-styling avia-align-center  avia-builder-el-9  avia-builder-el-no-sibling '   itemprop=\"image\" itemscope=\"itemscope\" itemtype=\"https:\/\/schema.org\/ImageObject\" ><div class=\"avia-image-container-inner\"><div class=\"avia-image-overlay-wrap\"><img decoding=\"async\" fetchpriority=\"high\" class='wp-image-309 avia-img-lazy-loading-not-309 avia_image ' src=\"https:\/\/www.follow-up.com.br\/pt\/wp-content\/uploads\/2015\/10\/document-428331_1280-495x400.jpg\" alt='' title='Tradu\u00e7\u00e3o juramentada'  height=\"400\" width=\"495\"  itemprop=\"thumbnailUrl\" srcset=\"https:\/\/www.follow-up.com.br\/pt\/wp-content\/uploads\/2015\/10\/document-428331_1280-495x400.jpg 495w, https:\/\/www.follow-up.com.br\/pt\/wp-content\/uploads\/2015\/10\/document-428331_1280-845x684.jpg 845w\" sizes=\"(max-width: 495px) 100vw, 495px\" \/><\/div><\/div><\/div><\/div>\n","protected":false},"excerpt":{"rendered":"","protected":false},"author":1,"featured_media":83,"parent":25,"menu_order":0,"comment_status":"closed","ping_status":"closed","template":"","meta":{"_joinchat":[],"footnotes":""},"class_list":["post-113","page","type-page","status-publish","has-post-thumbnail","hentry"],"yoast_head":"<!-- This site is optimized with the Yoast SEO plugin v26.9 - https:\/\/yoast.com\/product\/yoast-seo-wordpress\/ -->\n<title>Tradu\u00e7\u00e3o Juramentada - Follow-Up Tradu\u00e7\u00f5es T\u00e9cnicas, Tradu\u00e7\u00e3o Juramentada<\/title>\n<meta name=\"robots\" content=\"index, follow, max-snippet:-1, max-image-preview:large, max-video-preview:-1\" \/>\n<link rel=\"canonical\" href=\"https:\/\/www.follow-up.com.br\/pt\/servicos\/traducao_juramentada\/\" \/>\n<meta property=\"og:locale\" content=\"pt_BR\" \/>\n<meta property=\"og:type\" content=\"article\" \/>\n<meta property=\"og:title\" content=\"Tradu\u00e7\u00e3o Juramentada - Follow-Up Tradu\u00e7\u00f5es T\u00e9cnicas, Tradu\u00e7\u00e3o Juramentada\" \/>\n<meta property=\"og:url\" content=\"https:\/\/www.follow-up.com.br\/pt\/servicos\/traducao_juramentada\/\" \/>\n<meta property=\"og:site_name\" content=\"Follow-Up Tradu\u00e7\u00f5es T\u00e9cnicas, Tradu\u00e7\u00e3o Juramentada\" \/>\n<meta property=\"article:modified_time\" content=\"2020-08-03T18:42:19+00:00\" \/>\n<meta property=\"og:image\" content=\"https:\/\/www.follow-up.com.br\/pt\/wp-content\/uploads\/2015\/10\/scale-ruler-on-blueprints.jpg\" \/>\n\t<meta property=\"og:image:width\" content=\"1732\" \/>\n\t<meta property=\"og:image:height\" content=\"1155\" \/>\n\t<meta property=\"og:image:type\" content=\"image\/jpeg\" \/>\n<meta name=\"twitter:card\" content=\"summary_large_image\" \/>\n<meta name=\"twitter:label1\" content=\"Est. tempo de leitura\" \/>\n\t<meta name=\"twitter:data1\" content=\"3 minutos\" \/>\n<script type=\"application\/ld+json\" class=\"yoast-schema-graph\">{\"@context\":\"https:\/\/schema.org\",\"@graph\":[{\"@type\":\"WebPage\",\"@id\":\"https:\/\/www.follow-up.com.br\/pt\/servicos\/traducao_juramentada\/\",\"url\":\"https:\/\/www.follow-up.com.br\/pt\/servicos\/traducao_juramentada\/\",\"name\":\"Tradu\u00e7\u00e3o Juramentada - Follow-Up Tradu\u00e7\u00f5es T\u00e9cnicas, Tradu\u00e7\u00e3o Juramentada\",\"isPartOf\":{\"@id\":\"https:\/\/www.follow-up.com.br\/pt\/#website\"},\"primaryImageOfPage\":{\"@id\":\"https:\/\/www.follow-up.com.br\/pt\/servicos\/traducao_juramentada\/#primaryimage\"},\"image\":{\"@id\":\"https:\/\/www.follow-up.com.br\/pt\/servicos\/traducao_juramentada\/#primaryimage\"},\"thumbnailUrl\":\"https:\/\/www.follow-up.com.br\/pt\/wp-content\/uploads\/2015\/10\/scale-ruler-on-blueprints.jpg\",\"datePublished\":\"2015-10-22T16:34:37+00:00\",\"dateModified\":\"2020-08-03T18:42:19+00:00\",\"breadcrumb\":{\"@id\":\"https:\/\/www.follow-up.com.br\/pt\/servicos\/traducao_juramentada\/#breadcrumb\"},\"inLanguage\":\"pt-BR\",\"potentialAction\":[{\"@type\":\"ReadAction\",\"target\":[\"https:\/\/www.follow-up.com.br\/pt\/servicos\/traducao_juramentada\/\"]}]},{\"@type\":\"ImageObject\",\"inLanguage\":\"pt-BR\",\"@id\":\"https:\/\/www.follow-up.com.br\/pt\/servicos\/traducao_juramentada\/#primaryimage\",\"url\":\"https:\/\/www.follow-up.com.br\/pt\/wp-content\/uploads\/2015\/10\/scale-ruler-on-blueprints.jpg\",\"contentUrl\":\"https:\/\/www.follow-up.com.br\/pt\/wp-content\/uploads\/2015\/10\/scale-ruler-on-blueprints.jpg\",\"width\":1732,\"height\":1155,\"caption\":\"Two hands using a scale ruler on a set of blueprints\"},{\"@type\":\"BreadcrumbList\",\"@id\":\"https:\/\/www.follow-up.com.br\/pt\/servicos\/traducao_juramentada\/#breadcrumb\",\"itemListElement\":[{\"@type\":\"ListItem\",\"position\":1,\"name\":\"In\u00edcio\",\"item\":\"https:\/\/www.follow-up.com.br\/pt\/\"},{\"@type\":\"ListItem\",\"position\":2,\"name\":\"Nossos Servi\u00e7os\",\"item\":\"https:\/\/www.follow-up.com.br\/pt\/servicos\/\"},{\"@type\":\"ListItem\",\"position\":3,\"name\":\"Tradu\u00e7\u00e3o Juramentada\"}]},{\"@type\":\"WebSite\",\"@id\":\"https:\/\/www.follow-up.com.br\/pt\/#website\",\"url\":\"https:\/\/www.follow-up.com.br\/pt\/\",\"name\":\"Follow-Up Tradu\u00e7\u00f5es T\u00e9cnicas, Tradu\u00e7\u00e3o Juramentada\",\"description\":\"Tradu\u00e7\u00f5es T\u00e9cnicas em \u00c1reas Especializadas,Tradu\u00e7\u00e3o juramentada Localiza\u00e7\u00e3o de Software e Websites\",\"potentialAction\":[{\"@type\":\"SearchAction\",\"target\":{\"@type\":\"EntryPoint\",\"urlTemplate\":\"https:\/\/www.follow-up.com.br\/pt\/?s={search_term_string}\"},\"query-input\":{\"@type\":\"PropertyValueSpecification\",\"valueRequired\":true,\"valueName\":\"search_term_string\"}}],\"inLanguage\":\"pt-BR\"}]}<\/script>\n<!-- \/ Yoast SEO plugin. -->","yoast_head_json":{"title":"Tradu\u00e7\u00e3o Juramentada - Follow-Up Tradu\u00e7\u00f5es T\u00e9cnicas, Tradu\u00e7\u00e3o Juramentada","robots":{"index":"index","follow":"follow","max-snippet":"max-snippet:-1","max-image-preview":"max-image-preview:large","max-video-preview":"max-video-preview:-1"},"canonical":"https:\/\/www.follow-up.com.br\/pt\/servicos\/traducao_juramentada\/","og_locale":"pt_BR","og_type":"article","og_title":"Tradu\u00e7\u00e3o Juramentada - Follow-Up Tradu\u00e7\u00f5es T\u00e9cnicas, Tradu\u00e7\u00e3o Juramentada","og_url":"https:\/\/www.follow-up.com.br\/pt\/servicos\/traducao_juramentada\/","og_site_name":"Follow-Up Tradu\u00e7\u00f5es T\u00e9cnicas, Tradu\u00e7\u00e3o Juramentada","article_modified_time":"2020-08-03T18:42:19+00:00","og_image":[{"width":1732,"height":1155,"url":"https:\/\/www.follow-up.com.br\/pt\/wp-content\/uploads\/2015\/10\/scale-ruler-on-blueprints.jpg","type":"image\/jpeg"}],"twitter_card":"summary_large_image","twitter_misc":{"Est. tempo de leitura":"3 minutos"},"schema":{"@context":"https:\/\/schema.org","@graph":[{"@type":"WebPage","@id":"https:\/\/www.follow-up.com.br\/pt\/servicos\/traducao_juramentada\/","url":"https:\/\/www.follow-up.com.br\/pt\/servicos\/traducao_juramentada\/","name":"Tradu\u00e7\u00e3o Juramentada - Follow-Up Tradu\u00e7\u00f5es T\u00e9cnicas, Tradu\u00e7\u00e3o Juramentada","isPartOf":{"@id":"https:\/\/www.follow-up.com.br\/pt\/#website"},"primaryImageOfPage":{"@id":"https:\/\/www.follow-up.com.br\/pt\/servicos\/traducao_juramentada\/#primaryimage"},"image":{"@id":"https:\/\/www.follow-up.com.br\/pt\/servicos\/traducao_juramentada\/#primaryimage"},"thumbnailUrl":"https:\/\/www.follow-up.com.br\/pt\/wp-content\/uploads\/2015\/10\/scale-ruler-on-blueprints.jpg","datePublished":"2015-10-22T16:34:37+00:00","dateModified":"2020-08-03T18:42:19+00:00","breadcrumb":{"@id":"https:\/\/www.follow-up.com.br\/pt\/servicos\/traducao_juramentada\/#breadcrumb"},"inLanguage":"pt-BR","potentialAction":[{"@type":"ReadAction","target":["https:\/\/www.follow-up.com.br\/pt\/servicos\/traducao_juramentada\/"]}]},{"@type":"ImageObject","inLanguage":"pt-BR","@id":"https:\/\/www.follow-up.com.br\/pt\/servicos\/traducao_juramentada\/#primaryimage","url":"https:\/\/www.follow-up.com.br\/pt\/wp-content\/uploads\/2015\/10\/scale-ruler-on-blueprints.jpg","contentUrl":"https:\/\/www.follow-up.com.br\/pt\/wp-content\/uploads\/2015\/10\/scale-ruler-on-blueprints.jpg","width":1732,"height":1155,"caption":"Two hands using a scale ruler on a set of blueprints"},{"@type":"BreadcrumbList","@id":"https:\/\/www.follow-up.com.br\/pt\/servicos\/traducao_juramentada\/#breadcrumb","itemListElement":[{"@type":"ListItem","position":1,"name":"In\u00edcio","item":"https:\/\/www.follow-up.com.br\/pt\/"},{"@type":"ListItem","position":2,"name":"Nossos Servi\u00e7os","item":"https:\/\/www.follow-up.com.br\/pt\/servicos\/"},{"@type":"ListItem","position":3,"name":"Tradu\u00e7\u00e3o Juramentada"}]},{"@type":"WebSite","@id":"https:\/\/www.follow-up.com.br\/pt\/#website","url":"https:\/\/www.follow-up.com.br\/pt\/","name":"Follow-Up Tradu\u00e7\u00f5es T\u00e9cnicas, Tradu\u00e7\u00e3o Juramentada","description":"Tradu\u00e7\u00f5es T\u00e9cnicas em \u00c1reas Especializadas,Tradu\u00e7\u00e3o juramentada Localiza\u00e7\u00e3o de Software e Websites","potentialAction":[{"@type":"SearchAction","target":{"@type":"EntryPoint","urlTemplate":"https:\/\/www.follow-up.com.br\/pt\/?s={search_term_string}"},"query-input":{"@type":"PropertyValueSpecification","valueRequired":true,"valueName":"search_term_string"}}],"inLanguage":"pt-BR"}]}},"_links":{"self":[{"href":"https:\/\/www.follow-up.com.br\/pt\/wp-json\/wp\/v2\/pages\/113","targetHints":{"allow":["GET"]}}],"collection":[{"href":"https:\/\/www.follow-up.com.br\/pt\/wp-json\/wp\/v2\/pages"}],"about":[{"href":"https:\/\/www.follow-up.com.br\/pt\/wp-json\/wp\/v2\/types\/page"}],"author":[{"embeddable":true,"href":"https:\/\/www.follow-up.com.br\/pt\/wp-json\/wp\/v2\/users\/1"}],"replies":[{"embeddable":true,"href":"https:\/\/www.follow-up.com.br\/pt\/wp-json\/wp\/v2\/comments?post=113"}],"version-history":[{"count":16,"href":"https:\/\/www.follow-up.com.br\/pt\/wp-json\/wp\/v2\/pages\/113\/revisions"}],"predecessor-version":[{"id":905,"href":"https:\/\/www.follow-up.com.br\/pt\/wp-json\/wp\/v2\/pages\/113\/revisions\/905"}],"up":[{"embeddable":true,"href":"https:\/\/www.follow-up.com.br\/pt\/wp-json\/wp\/v2\/pages\/25"}],"wp:featuredmedia":[{"embeddable":true,"href":"https:\/\/www.follow-up.com.br\/pt\/wp-json\/wp\/v2\/media\/83"}],"wp:attachment":[{"href":"https:\/\/www.follow-up.com.br\/pt\/wp-json\/wp\/v2\/media?parent=113"}],"curies":[{"name":"wp","href":"https:\/\/api.w.org\/{rel}","templated":true}]}}