{"id":23,"date":"2015-10-15T15:32:40","date_gmt":"2015-10-15T18:32:40","guid":{"rendered":"http:\/\/wpoffice\/construction\/?page_id=23"},"modified":"2020-08-03T15:30:00","modified_gmt":"2020-08-03T18:30:00","slug":"contato","status":"publish","type":"page","link":"https:\/\/www.follow-up.com.br\/pt\/contato\/","title":{"rendered":"Contato"},"content":{"rendered":"\n<style type=\"text\/css\" data-created_by=\"avia_inline_auto\" id=\"style-css-av-5kr97-f9cf0d4cd0fbba62e0263a79bdb087b5\">\n.flex_column.av-5kr97-f9cf0d4cd0fbba62e0263a79bdb087b5{\nborder-radius:0px 0px 0px 0px;\npadding:0px 0px 0px 0px;\n}\n<\/style>\n<div  class='flex_column av-5kr97-f9cf0d4cd0fbba62e0263a79bdb087b5 av_three_fifth  avia-builder-el-0  el_before_av_two_fifth  avia-builder-el-first  first flex_column_div av-animated-generic bottom-to-top av-zero-column-padding  '     ><p>\n<style type=\"text\/css\" data-created_by=\"avia_inline_auto\" id=\"style-css-av-q7zz-49b199a77c7c6ae0449d53eb201eafb4\">\n#top .av-special-heading.av-q7zz-49b199a77c7c6ae0449d53eb201eafb4{\npadding-bottom:0;\n}\nbody .av-special-heading.av-q7zz-49b199a77c7c6ae0449d53eb201eafb4 .av-special-heading-tag .heading-char{\nfont-size:25px;\n}\n.av-special-heading.av-q7zz-49b199a77c7c6ae0449d53eb201eafb4 .av-subheading{\nfont-size:15px;\n}\n<\/style>\n<div  class='av-special-heading av-q7zz-49b199a77c7c6ae0449d53eb201eafb4 av-special-heading-h3 blockquote modern-quote  avia-builder-el-1  el_before_av_textblock  avia-builder-el-first '><h3 class='av-special-heading-tag'  itemprop=\"headline\"  >Contato<\/h3><div class=\"special-heading-border\"><div class=\"special-heading-inner-border\"><\/div><\/div><\/div><br \/>\n<section  class='av_textblock_section av-4i7iv-9aca7b68d26a9b11753bf70483d557b6 '   itemscope=\"itemscope\" itemtype=\"https:\/\/schema.org\/CreativeWork\" ><div class='avia_textblock'  itemprop=\"text\" >\n<div class=\"wpcf7 no-js\" id=\"wpcf7-f814-o1\" lang=\"pt-BR\" dir=\"ltr\" data-wpcf7-id=\"814\">\n<div class=\"screen-reader-response\"><p role=\"status\" aria-live=\"polite\" aria-atomic=\"true\"><\/p> <ul><\/ul><\/div>\n<form action=\"\/pt\/wp-json\/wp\/v2\/pages\/23#wpcf7-f814-o1\" method=\"post\" class=\"wpcf7-form init\" aria-label=\"Formul\u00e1rios de contato\" enctype=\"multipart\/form-data\" novalidate=\"novalidate\" data-status=\"init\">\n<fieldset class=\"hidden-fields-container\"><input type=\"hidden\" name=\"_wpcf7\" value=\"814\" \/><input type=\"hidden\" name=\"_wpcf7_version\" value=\"6.1.4\" \/><input type=\"hidden\" name=\"_wpcf7_locale\" value=\"pt_BR\" \/><input type=\"hidden\" name=\"_wpcf7_unit_tag\" value=\"wpcf7-f814-o1\" \/><input type=\"hidden\" name=\"_wpcf7_container_post\" value=\"0\" \/><input type=\"hidden\" name=\"_wpcf7_posted_data_hash\" value=\"\" \/>\n<\/fieldset>\n<p><label> Nome (obrigat\u00f3rio)<br \/>\n<span class=\"wpcf7-form-control-wrap\" data-name=\"your-name\"><input size=\"40\" maxlength=\"400\" class=\"wpcf7-form-control wpcf7-text wpcf7-validates-as-required\" aria-required=\"true\" aria-invalid=\"false\" value=\"\" type=\"text\" name=\"your-name\" \/><\/span> <\/label>\n<\/p>\n<p><label> Seu e-mail (obrigat\u00f3rio)<br \/>\n<span class=\"wpcf7-form-control-wrap\" data-name=\"your-email\"><input size=\"40\" maxlength=\"400\" class=\"wpcf7-form-control wpcf7-email wpcf7-validates-as-required wpcf7-text wpcf7-validates-as-email\" aria-required=\"true\" aria-invalid=\"false\" value=\"\" type=\"email\" name=\"your-email\" \/><\/span> <\/label>\n<\/p>\n<p><label> Assunto<br \/>\n<span class=\"wpcf7-form-control-wrap\" data-name=\"assunto\"><select class=\"wpcf7-form-control wpcf7-select wpcf7-validates-as-required\" aria-required=\"true\" aria-invalid=\"false\" name=\"assunto\"><option value=\"TRADU\u00c7\u00c3O JURAMENTADA\">TRADU\u00c7\u00c3O JURAMENTADA<\/option><option value=\"TRADU\u00c7\u00c3O COMUM\">TRADU\u00c7\u00c3O COMUM<\/option><option value=\"LOCALIZA\u00c7\u00c3O DE SOFTWARE\">LOCALIZA\u00c7\u00c3O DE SOFTWARE<\/option><option value=\"CURR\u00cdCULO DE TRADUTOR\">CURR\u00cdCULO DE TRADUTOR<\/option><option value=\"OUTROS\">OUTROS<\/option><\/select><\/span> <\/label>\n<\/p>\n<p><label> Mensagem<br \/>\n<span class=\"wpcf7-form-control-wrap\" data-name=\"your-message\"><textarea cols=\"40\" rows=\"10\" maxlength=\"2000\" class=\"wpcf7-form-control wpcf7-textarea\" aria-invalid=\"false\" name=\"your-message\"><\/textarea><\/span> <\/label>\n<\/p>\n<p>Anexos: (apenas arquivos PDF)<br \/>\n<span class=\"wpcf7-form-control-wrap\" data-name=\"file\"><input size=\"40\" class=\"wpcf7-form-control wpcf7-file\" accept=\".pdf\" aria-invalid=\"false\" type=\"file\" name=\"file\" \/><\/span>\n<\/p>\n<p>Captcha:<br \/>\n<input type=\"hidden\" name=\"_wpcf7_captcha_challenge_captcha\" value=\"243795629\" \/><img loading=\"lazy\" decoding=\"async\" class=\"wpcf7-form-control wpcf7-captchac wpcf7-captcha-captcha\" width=\"72\" height=\"24\" alt=\"captcha\" src=\"https:\/\/www.follow-up.com.br\/pt\/wp-content\/uploads\/wpcf7_captcha\/243795629.png\" \/><br \/>\n<span class=\"wpcf7-form-control-wrap\" data-name=\"captcha\"><input size=\"40\" class=\"wpcf7-form-control wpcf7-captchar\" autocomplete=\"off\" aria-invalid=\"false\" value=\"\" type=\"text\" name=\"captcha\" \/><\/span>\n<\/p>\n<p><input class=\"wpcf7-form-control wpcf7-submit has-spinner\" type=\"submit\" value=\"Enviar\" \/>\n<\/p><div class=\"wpcf7-response-output\" aria-hidden=\"true\"><\/div>\n<\/form>\n<\/div>\n\n<\/div><\/section><br \/>\n\n<style type=\"text\/css\" data-created_by=\"avia_inline_auto\" id=\"style-css-av-3njqr-c4fec8095bfbbf7bf90f07db19941950\">\n#top .hr.av-3njqr-c4fec8095bfbbf7bf90f07db19941950{\nmargin-top:10px;\nmargin-bottom:10px;\n}\n.hr.av-3njqr-c4fec8095bfbbf7bf90f07db19941950 .hr-inner{\nwidth:50px;\nborder-color:#efbb20;\n}\n<\/style>\n<div  class='hr av-3njqr-c4fec8095bfbbf7bf90f07db19941950 hr-custom  avia-builder-el-3  el_after_av_textblock  avia-builder-el-last  hr-left hr-icon-no'><span class='hr-inner inner-border-av-border-fat'><span class=\"hr-inner-style\"><\/span><\/span><\/div><\/p><\/div>\n\n<style type=\"text\/css\" data-created_by=\"avia_inline_auto\" id=\"style-css-av-3juvf-9b0ecb6b3fef0466df58f050a7b978b1\">\n.flex_column.av-3juvf-9b0ecb6b3fef0466df58f050a7b978b1{\nborder-radius:0px 0px 0px 0px;\npadding:0px 0px 0px 0px;\n}\n<\/style>\n<div  class='flex_column av-3juvf-9b0ecb6b3fef0466df58f050a7b978b1 av_two_fifth  avia-builder-el-4  el_after_av_three_fifth  avia-builder-el-last  flex_column_div av-animated-generic bottom-to-top av-zero-column-padding  '     ><p>\n<style type=\"text\/css\" data-created_by=\"avia_inline_auto\" id=\"style-css-av-2xunz-1ca52b0725c32fd4592ca8337cf44610\">\n#top .hr.av-2xunz-1ca52b0725c32fd4592ca8337cf44610{\nmargin-top:10px;\nmargin-bottom:10px;\n}\n.hr.av-2xunz-1ca52b0725c32fd4592ca8337cf44610 .hr-inner{\nwidth:50px;\nborder-color:#efbb20;\n}\n<\/style>\n<div  class='hr av-2xunz-1ca52b0725c32fd4592ca8337cf44610 hr-custom  avia-builder-el-5  el_before_av_textblock  avia-builder-el-first  hr-left hr-icon-no'><span class='hr-inner inner-border-av-border-fat'><span class=\"hr-inner-style\"><\/span><\/span><\/div><br \/>\n<section  class='av_textblock_section av-25a47-2e857cd423b78000a52fe9f91e88ed77 '   itemscope=\"itemscope\" itemtype=\"https:\/\/schema.org\/CreativeWork\" ><div class='avia_textblock'  itemprop=\"text\" ><p>Ser\u00e1 um prazer receber a sua mensagem. Diga-nos o que achou de nosso site, e fique \u00e0 vontade para trocar informa\u00e7\u00f5es conosco.<\/p>\n<\/div><\/section><br \/>\n\n<style type=\"text\/css\" data-created_by=\"avia_inline_auto\" id=\"style-css-av-1a1qf-2a576f052866dd00fe00c119aef05c80\">\n#top .hr.av-1a1qf-2a576f052866dd00fe00c119aef05c80{\nmargin-top:10px;\nmargin-bottom:10px;\n}\n.hr.av-1a1qf-2a576f052866dd00fe00c119aef05c80 .hr-inner{\nwidth:50px;\nborder-color:#efbb20;\n}\n<\/style>\n<div  class='hr av-1a1qf-2a576f052866dd00fe00c119aef05c80 hr-custom  avia-builder-el-7  el_after_av_textblock  el_before_av_textblock  hr-left hr-icon-no'><span class='hr-inner inner-border-av-border-fat'><span class=\"hr-inner-style\"><\/span><\/span><\/div><br \/>\n<section  class='av_textblock_section av-122xf-1597dfed9ec5674ed15b1251d3d3414e '   itemscope=\"itemscope\" itemtype=\"https:\/\/schema.org\/CreativeWork\" ><div class='avia_textblock'  itemprop=\"text\" ><p><strong>E-mail<\/strong><br \/>\n<a href=\"mailto:info-follow@follow-up.com.br\">info-follow@follow-up.com.br<\/a><\/p>\n<p><strong>Telefone<\/strong><br \/>\n+55 21 99988-2482<\/p>\n<p><strong>\u00a0<\/strong><\/p>\n<\/div><\/section><\/p><\/div>\n","protected":false},"excerpt":{"rendered":"","protected":false},"author":1,"featured_media":0,"parent":0,"menu_order":0,"comment_status":"closed","ping_status":"closed","template":"","meta":{"_joinchat":[],"footnotes":""},"class_list":["post-23","page","type-page","status-publish","hentry"],"yoast_head":"<!-- This site is optimized with the Yoast SEO plugin v26.9 - https:\/\/yoast.com\/product\/yoast-seo-wordpress\/ -->\n<title>Contato - Follow-Up Tradu\u00e7\u00f5es T\u00e9cnicas, Tradu\u00e7\u00e3o Juramentada<\/title>\n<meta name=\"robots\" content=\"index, follow, max-snippet:-1, max-image-preview:large, max-video-preview:-1\" \/>\n<link rel=\"canonical\" href=\"https:\/\/www.follow-up.com.br\/pt\/contato\/\" \/>\n<meta property=\"og:locale\" content=\"pt_BR\" \/>\n<meta property=\"og:type\" content=\"article\" \/>\n<meta property=\"og:title\" content=\"Contato - Follow-Up Tradu\u00e7\u00f5es T\u00e9cnicas, Tradu\u00e7\u00e3o Juramentada\" \/>\n<meta property=\"og:url\" content=\"https:\/\/www.follow-up.com.br\/pt\/contato\/\" \/>\n<meta property=\"og:site_name\" content=\"Follow-Up Tradu\u00e7\u00f5es T\u00e9cnicas, Tradu\u00e7\u00e3o Juramentada\" \/>\n<meta property=\"article:modified_time\" content=\"2020-08-03T18:30:00+00:00\" \/>\n<meta name=\"twitter:card\" content=\"summary_large_image\" \/>\n<meta name=\"twitter:label1\" content=\"Est. tempo de leitura\" \/>\n\t<meta name=\"twitter:data1\" content=\"2 minutos\" \/>\n<script type=\"application\/ld+json\" class=\"yoast-schema-graph\">{\"@context\":\"https:\/\/schema.org\",\"@graph\":[{\"@type\":\"WebPage\",\"@id\":\"https:\/\/www.follow-up.com.br\/pt\/contato\/\",\"url\":\"https:\/\/www.follow-up.com.br\/pt\/contato\/\",\"name\":\"Contato - Follow-Up Tradu\u00e7\u00f5es T\u00e9cnicas, Tradu\u00e7\u00e3o Juramentada\",\"isPartOf\":{\"@id\":\"https:\/\/www.follow-up.com.br\/pt\/#website\"},\"datePublished\":\"2015-10-15T18:32:40+00:00\",\"dateModified\":\"2020-08-03T18:30:00+00:00\",\"breadcrumb\":{\"@id\":\"https:\/\/www.follow-up.com.br\/pt\/contato\/#breadcrumb\"},\"inLanguage\":\"pt-BR\",\"potentialAction\":[{\"@type\":\"ReadAction\",\"target\":[\"https:\/\/www.follow-up.com.br\/pt\/contato\/\"]}]},{\"@type\":\"BreadcrumbList\",\"@id\":\"https:\/\/www.follow-up.com.br\/pt\/contato\/#breadcrumb\",\"itemListElement\":[{\"@type\":\"ListItem\",\"position\":1,\"name\":\"In\u00edcio\",\"item\":\"https:\/\/www.follow-up.com.br\/pt\/\"},{\"@type\":\"ListItem\",\"position\":2,\"name\":\"Contato\"}]},{\"@type\":\"WebSite\",\"@id\":\"https:\/\/www.follow-up.com.br\/pt\/#website\",\"url\":\"https:\/\/www.follow-up.com.br\/pt\/\",\"name\":\"Follow-Up Tradu\u00e7\u00f5es T\u00e9cnicas, Tradu\u00e7\u00e3o Juramentada\",\"description\":\"Tradu\u00e7\u00f5es T\u00e9cnicas em \u00c1reas Especializadas,Tradu\u00e7\u00e3o juramentada Localiza\u00e7\u00e3o de Software e Websites\",\"potentialAction\":[{\"@type\":\"SearchAction\",\"target\":{\"@type\":\"EntryPoint\",\"urlTemplate\":\"https:\/\/www.follow-up.com.br\/pt\/?s={search_term_string}\"},\"query-input\":{\"@type\":\"PropertyValueSpecification\",\"valueRequired\":true,\"valueName\":\"search_term_string\"}}],\"inLanguage\":\"pt-BR\"}]}<\/script>\n<!-- \/ Yoast SEO plugin. -->","yoast_head_json":{"title":"Contato - Follow-Up Tradu\u00e7\u00f5es T\u00e9cnicas, Tradu\u00e7\u00e3o Juramentada","robots":{"index":"index","follow":"follow","max-snippet":"max-snippet:-1","max-image-preview":"max-image-preview:large","max-video-preview":"max-video-preview:-1"},"canonical":"https:\/\/www.follow-up.com.br\/pt\/contato\/","og_locale":"pt_BR","og_type":"article","og_title":"Contato - Follow-Up Tradu\u00e7\u00f5es T\u00e9cnicas, Tradu\u00e7\u00e3o Juramentada","og_url":"https:\/\/www.follow-up.com.br\/pt\/contato\/","og_site_name":"Follow-Up Tradu\u00e7\u00f5es T\u00e9cnicas, Tradu\u00e7\u00e3o Juramentada","article_modified_time":"2020-08-03T18:30:00+00:00","twitter_card":"summary_large_image","twitter_misc":{"Est. tempo de leitura":"2 minutos"},"schema":{"@context":"https:\/\/schema.org","@graph":[{"@type":"WebPage","@id":"https:\/\/www.follow-up.com.br\/pt\/contato\/","url":"https:\/\/www.follow-up.com.br\/pt\/contato\/","name":"Contato - Follow-Up Tradu\u00e7\u00f5es T\u00e9cnicas, Tradu\u00e7\u00e3o Juramentada","isPartOf":{"@id":"https:\/\/www.follow-up.com.br\/pt\/#website"},"datePublished":"2015-10-15T18:32:40+00:00","dateModified":"2020-08-03T18:30:00+00:00","breadcrumb":{"@id":"https:\/\/www.follow-up.com.br\/pt\/contato\/#breadcrumb"},"inLanguage":"pt-BR","potentialAction":[{"@type":"ReadAction","target":["https:\/\/www.follow-up.com.br\/pt\/contato\/"]}]},{"@type":"BreadcrumbList","@id":"https:\/\/www.follow-up.com.br\/pt\/contato\/#breadcrumb","itemListElement":[{"@type":"ListItem","position":1,"name":"In\u00edcio","item":"https:\/\/www.follow-up.com.br\/pt\/"},{"@type":"ListItem","position":2,"name":"Contato"}]},{"@type":"WebSite","@id":"https:\/\/www.follow-up.com.br\/pt\/#website","url":"https:\/\/www.follow-up.com.br\/pt\/","name":"Follow-Up Tradu\u00e7\u00f5es T\u00e9cnicas, Tradu\u00e7\u00e3o Juramentada","description":"Tradu\u00e7\u00f5es T\u00e9cnicas em \u00c1reas Especializadas,Tradu\u00e7\u00e3o juramentada Localiza\u00e7\u00e3o de Software e Websites","potentialAction":[{"@type":"SearchAction","target":{"@type":"EntryPoint","urlTemplate":"https:\/\/www.follow-up.com.br\/pt\/?s={search_term_string}"},"query-input":{"@type":"PropertyValueSpecification","valueRequired":true,"valueName":"search_term_string"}}],"inLanguage":"pt-BR"}]}},"_links":{"self":[{"href":"https:\/\/www.follow-up.com.br\/pt\/wp-json\/wp\/v2\/pages\/23","targetHints":{"allow":["GET"]}}],"collection":[{"href":"https:\/\/www.follow-up.com.br\/pt\/wp-json\/wp\/v2\/pages"}],"about":[{"href":"https:\/\/www.follow-up.com.br\/pt\/wp-json\/wp\/v2\/types\/page"}],"author":[{"embeddable":true,"href":"https:\/\/www.follow-up.com.br\/pt\/wp-json\/wp\/v2\/users\/1"}],"replies":[{"embeddable":true,"href":"https:\/\/www.follow-up.com.br\/pt\/wp-json\/wp\/v2\/comments?post=23"}],"version-history":[{"count":18,"href":"https:\/\/www.follow-up.com.br\/pt\/wp-json\/wp\/v2\/pages\/23\/revisions"}],"predecessor-version":[{"id":901,"href":"https:\/\/www.follow-up.com.br\/pt\/wp-json\/wp\/v2\/pages\/23\/revisions\/901"}],"wp:attachment":[{"href":"https:\/\/www.follow-up.com.br\/pt\/wp-json\/wp\/v2\/media?parent=23"}],"curies":[{"name":"wp","href":"https:\/\/api.w.org\/{rel}","templated":true}]}}