{"id":296,"date":"2016-07-28T19:36:31","date_gmt":"2016-07-28T22:36:31","guid":{"rendered":"http:\/\/www.follow-up.com.br\/pt\/?page_id=296"},"modified":"2023-03-03T21:09:15","modified_gmt":"2023-03-04T00:09:15","slug":"ana-beatriz-fernandes","status":"publish","type":"page","link":"https:\/\/www.follow-up.com.br\/pt\/ana-beatriz-fernandes\/","title":{"rendered":"Ana Beatriz Fernandes"},"content":{"rendered":"\n<style type=\"text\/css\" data-created_by=\"avia_inline_auto\" id=\"style-css-av-lvk2w-64e3f97174d1411fe14657ca44625428\">\n#top .av-special-heading.av-lvk2w-64e3f97174d1411fe14657ca44625428{\npadding-bottom:10px;\n}\nbody .av-special-heading.av-lvk2w-64e3f97174d1411fe14657ca44625428 .av-special-heading-tag .heading-char{\nfont-size:25px;\n}\n.av-special-heading.av-lvk2w-64e3f97174d1411fe14657ca44625428 .av-subheading{\nfont-size:15px;\n}\n<\/style>\n<div  class='av-special-heading av-lvk2w-64e3f97174d1411fe14657ca44625428 av-special-heading-h1 blockquote modern-quote  avia-builder-el-0  el_before_av_heading  avia-builder-el-first '><h1 class='av-special-heading-tag'  itemprop=\"headline\"  >Ana Beatriz Fernandes<\/h1><div class=\"special-heading-border\"><div class=\"special-heading-inner-border\"><\/div><\/div><\/div>\n\n<style type=\"text\/css\" data-created_by=\"avia_inline_auto\" id=\"style-css-av-hcsig-0c580203b54d268ba2ce83f77d9b3034\">\n#top .av-special-heading.av-hcsig-0c580203b54d268ba2ce83f77d9b3034{\npadding-bottom:10px;\n}\nbody .av-special-heading.av-hcsig-0c580203b54d268ba2ce83f77d9b3034 .av-special-heading-tag .heading-char{\nfont-size:25px;\n}\n.av-special-heading.av-hcsig-0c580203b54d268ba2ce83f77d9b3034 .av-subheading{\nfont-size:15px;\n}\n<\/style>\n<div  class='av-special-heading av-hcsig-0c580203b54d268ba2ce83f77d9b3034 av-special-heading-h3  avia-builder-el-1  el_after_av_heading  el_before_av_image '><h3 class='av-special-heading-tag'  itemprop=\"headline\"  >Diretora de Qualidade<\/h3><div class=\"special-heading-border\"><div class=\"special-heading-inner-border\"><\/div><\/div><\/div>\n\n<style type=\"text\/css\" data-created_by=\"avia_inline_auto\" id=\"style-css-av-1b61uw-ff7f1646205586097d4c60031efa11bc\">\n.avia-image-container.av-1b61uw-ff7f1646205586097d4c60031efa11bc img.avia_image{\nbox-shadow:none;\n}\n.avia-image-container.av-1b61uw-ff7f1646205586097d4c60031efa11bc .av-image-caption-overlay-center{\ncolor:#ffffff;\n}\n<\/style>\n<div  class='avia-image-container av-1b61uw-ff7f1646205586097d4c60031efa11bc av-styling- avia-align-left  avia-builder-el-2  el_after_av_heading  el_before_av_hr '   itemprop=\"image\" itemscope=\"itemscope\" itemtype=\"https:\/\/schema.org\/ImageObject\" ><div class=\"avia-image-container-inner\"><div class=\"avia-image-overlay-wrap\"><img decoding=\"async\" fetchpriority=\"high\" class='wp-image-436 avia-img-lazy-loading-not-436 avia_image ' src=\"https:\/\/www.follow-up.com.br\/pt\/wp-content\/uploads\/2015\/10\/bia-495x400.jpg\" alt='' title='SAMSUNG CAMERA PICTURES'  height=\"400\" width=\"495\"  itemprop=\"thumbnailUrl\" srcset=\"https:\/\/www.follow-up.com.br\/pt\/wp-content\/uploads\/2015\/10\/bia-495x400.jpg 495w, https:\/\/www.follow-up.com.br\/pt\/wp-content\/uploads\/2015\/10\/bia-845x684.jpg 845w\" sizes=\"(max-width: 495px) 100vw, 495px\" \/><\/div><\/div><\/div>\n<div  class='hr av-14578g-d70e48efa591734ef5232ebb62a6263d hr-default  avia-builder-el-3  el_after_av_image  el_before_av_button '><span class='hr-inner '><span class=\"hr-inner-style\"><\/span><\/span><\/div>\n<div  class='avia-button-wrap av-let7irpo-1cb244f7e3125073ed2419dc9ef158f7-wrap avia-button-left  avia-builder-el-4  el_after_av_hr  el_before_av_textblock '><a href='https:\/\/www.linkedin.com\/in\/ana-beatriz-fernandes-73518734' class='avia-button av-let7irpo-1cb244f7e3125073ed2419dc9ef158f7 av-link-btn avia-icon_select-yes-left-icon avia-size-medium avia-position-left avia-color-theme-color' target=\"_blank\" rel=\"noopener noreferrer\"><span class='avia_button_icon avia_button_icon_left' aria-hidden='true' data-av_icon='\ue8fc' data-av_iconfont='entypo-fontello'><\/span><span class='avia_iconbox_title' >Linkedin<\/span><\/a><\/div>\n<section  class='av_textblock_section av-3dn34-4c823ee648ff860c8b7cd6ee3cacee1a '   itemscope=\"itemscope\" itemtype=\"https:\/\/schema.org\/CreativeWork\" ><div class='avia_textblock'  itemprop=\"text\" ><p>Desde 1989 na Follow-Up, a Ana Beatriz \u00e9 respons\u00e1vel pela Ger\u00eancia de Qualidade Lingu\u00edstica na Follow-Up.<\/p>\n<p>Certificada pela ATA, \u00e9 tamb\u00e9m Tradutora Juramentada desde 2010, e \u00e9 ela que responde por todas as tradu\u00e7\u00f5es juramentadas que oferecemos aos nossos clientes.<\/p>\n<\/div><\/section>\n\n<style type=\"text\/css\" data-created_by=\"avia_inline_auto\" id=\"style-css-av-9xruw-e3dbd54704ace78529cbca8734384c46\">\n#top .av-special-heading.av-9xruw-e3dbd54704ace78529cbca8734384c46{\npadding-bottom:10px;\n}\nbody .av-special-heading.av-9xruw-e3dbd54704ace78529cbca8734384c46 .av-special-heading-tag .heading-char{\nfont-size:25px;\n}\n.av-special-heading.av-9xruw-e3dbd54704ace78529cbca8734384c46 .av-subheading{\nfont-size:15px;\n}\n<\/style>\n<div  class='av-special-heading av-9xruw-e3dbd54704ace78529cbca8734384c46 av-special-heading-h3  avia-builder-el-6  el_after_av_textblock  el_before_av_image '><h3 class='av-special-heading-tag'  itemprop=\"headline\"  >Certifica\u00e7\u00e3o da ATA<\/h3><div class=\"special-heading-border\"><div class=\"special-heading-inner-border\"><\/div><\/div><\/div>\n\n<style type=\"text\/css\" data-created_by=\"avia_inline_auto\" id=\"style-css-av-nlfpc-5f3f809b38ad1161c4fddfa7cdd99fa6\">\n.avia-image-container.av-nlfpc-5f3f809b38ad1161c4fddfa7cdd99fa6 img.avia_image{\nbox-shadow:none;\n}\n.avia-image-container.av-nlfpc-5f3f809b38ad1161c4fddfa7cdd99fa6 .av-image-caption-overlay-center{\ncolor:#ffffff;\n}\n<\/style>\n<div  class='avia-image-container av-nlfpc-5f3f809b38ad1161c4fddfa7cdd99fa6 av-styling- avia-align-left  avia-builder-el-7  el_after_av_heading  el_before_av_one_full '   itemprop=\"image\" itemscope=\"itemscope\" itemtype=\"https:\/\/schema.org\/ImageObject\" ><div class=\"avia-image-container-inner\"><div class=\"avia-image-overlay-wrap\"><img decoding=\"async\" fetchpriority=\"high\" class='wp-image-604 avia-img-lazy-loading-not-604 avia_image ' src=\"https:\/\/www.follow-up.com.br\/pt\/wp-content\/uploads\/2016\/07\/ATA-Certificate-BIA-495x400.jpg\" alt='' title='KMBT_C554-20170303130627'  height=\"400\" width=\"495\"  itemprop=\"thumbnailUrl\" srcset=\"https:\/\/www.follow-up.com.br\/pt\/wp-content\/uploads\/2016\/07\/ATA-Certificate-BIA-495x400.jpg 495w, https:\/\/www.follow-up.com.br\/pt\/wp-content\/uploads\/2016\/07\/ATA-Certificate-BIA-845x684.jpg 845w\" sizes=\"(max-width: 495px) 100vw, 495px\" \/><\/div><\/div><\/div>\n\n<style type=\"text\/css\" data-created_by=\"avia_inline_auto\" id=\"style-css-av-fqtbk-8d5bb2956018875b8bf4754e4287280f\">\n.flex_column.av-fqtbk-8d5bb2956018875b8bf4754e4287280f{\nborder-radius:0px 0px 0px 0px;\npadding:0px 0px 0px 0px;\n}\n<\/style>\n<div  class='flex_column av-fqtbk-8d5bb2956018875b8bf4754e4287280f av_one_full  avia-builder-el-8  el_after_av_image  avia-builder-el-last  first flex_column_div av-zero-column-padding  '     ><div  class='avia-button-wrap av-968cg-512bf3b87289e9413d5e106da832ab10-wrap avia-button-left  avia-builder-el-9  avia-builder-el-no-sibling '><a href='http:\/\/www.follow-up.com.br\/en\/wp-content\/uploads\/2017\/04\/Matr\u00edcula-Tradutor-Jurmentado-BIA.pdf' class='avia-button av-968cg-512bf3b87289e9413d5e106da832ab10 av-link-btn avia-icon_select-yes-left-icon avia-size-small avia-position-left av-icon-on-hover avia-color-theme-color' target=\"_blank\" rel=\"noopener noreferrer\"><span class='avia_button_icon avia_button_icon_left' aria-hidden='true' data-av_icon='\ue84d' data-av_iconfont='entypo-fontello'><\/span><span class='avia_iconbox_title' >Clique aqui para ver o Certificado de Tradutora Juramentada<\/span><\/a><\/div><\/div>\n","protected":false},"excerpt":{"rendered":"","protected":false},"author":1,"featured_media":0,"parent":0,"menu_order":0,"comment_status":"closed","ping_status":"closed","template":"","meta":{"_joinchat":[],"footnotes":""},"class_list":["post-296","page","type-page","status-publish","hentry"],"yoast_head":"<!-- This site is optimized with the Yoast SEO plugin v26.9 - https:\/\/yoast.com\/product\/yoast-seo-wordpress\/ -->\n<title>Ana Beatriz Fernandes - Follow-Up Tradu\u00e7\u00f5es T\u00e9cnicas, Tradu\u00e7\u00e3o Juramentada<\/title>\n<meta name=\"robots\" content=\"index, follow, max-snippet:-1, max-image-preview:large, max-video-preview:-1\" \/>\n<link rel=\"canonical\" href=\"https:\/\/www.follow-up.com.br\/pt\/ana-beatriz-fernandes\/\" \/>\n<meta property=\"og:locale\" content=\"pt_BR\" \/>\n<meta property=\"og:type\" content=\"article\" \/>\n<meta property=\"og:title\" content=\"Ana Beatriz Fernandes - Follow-Up Tradu\u00e7\u00f5es T\u00e9cnicas, Tradu\u00e7\u00e3o Juramentada\" \/>\n<meta property=\"og:url\" content=\"https:\/\/www.follow-up.com.br\/pt\/ana-beatriz-fernandes\/\" \/>\n<meta property=\"og:site_name\" content=\"Follow-Up Tradu\u00e7\u00f5es T\u00e9cnicas, Tradu\u00e7\u00e3o Juramentada\" \/>\n<meta property=\"article:modified_time\" content=\"2023-03-04T00:09:15+00:00\" \/>\n<meta name=\"twitter:card\" content=\"summary_large_image\" \/>\n<meta name=\"twitter:label1\" content=\"Est. tempo de leitura\" \/>\n\t<meta name=\"twitter:data1\" content=\"4 minutos\" \/>\n<script type=\"application\/ld+json\" class=\"yoast-schema-graph\">{\"@context\":\"https:\/\/schema.org\",\"@graph\":[{\"@type\":\"WebPage\",\"@id\":\"https:\/\/www.follow-up.com.br\/pt\/ana-beatriz-fernandes\/\",\"url\":\"https:\/\/www.follow-up.com.br\/pt\/ana-beatriz-fernandes\/\",\"name\":\"Ana Beatriz Fernandes - Follow-Up Tradu\u00e7\u00f5es T\u00e9cnicas, Tradu\u00e7\u00e3o Juramentada\",\"isPartOf\":{\"@id\":\"https:\/\/www.follow-up.com.br\/pt\/#website\"},\"datePublished\":\"2016-07-28T22:36:31+00:00\",\"dateModified\":\"2023-03-04T00:09:15+00:00\",\"breadcrumb\":{\"@id\":\"https:\/\/www.follow-up.com.br\/pt\/ana-beatriz-fernandes\/#breadcrumb\"},\"inLanguage\":\"pt-BR\",\"potentialAction\":[{\"@type\":\"ReadAction\",\"target\":[\"https:\/\/www.follow-up.com.br\/pt\/ana-beatriz-fernandes\/\"]}]},{\"@type\":\"BreadcrumbList\",\"@id\":\"https:\/\/www.follow-up.com.br\/pt\/ana-beatriz-fernandes\/#breadcrumb\",\"itemListElement\":[{\"@type\":\"ListItem\",\"position\":1,\"name\":\"In\u00edcio\",\"item\":\"https:\/\/www.follow-up.com.br\/pt\/\"},{\"@type\":\"ListItem\",\"position\":2,\"name\":\"Ana Beatriz Fernandes\"}]},{\"@type\":\"WebSite\",\"@id\":\"https:\/\/www.follow-up.com.br\/pt\/#website\",\"url\":\"https:\/\/www.follow-up.com.br\/pt\/\",\"name\":\"Follow-Up Tradu\u00e7\u00f5es T\u00e9cnicas, Tradu\u00e7\u00e3o Juramentada\",\"description\":\"Tradu\u00e7\u00f5es T\u00e9cnicas em \u00c1reas Especializadas,Tradu\u00e7\u00e3o juramentada Localiza\u00e7\u00e3o de Software e Websites\",\"potentialAction\":[{\"@type\":\"SearchAction\",\"target\":{\"@type\":\"EntryPoint\",\"urlTemplate\":\"https:\/\/www.follow-up.com.br\/pt\/?s={search_term_string}\"},\"query-input\":{\"@type\":\"PropertyValueSpecification\",\"valueRequired\":true,\"valueName\":\"search_term_string\"}}],\"inLanguage\":\"pt-BR\"}]}<\/script>\n<!-- \/ Yoast SEO plugin. -->","yoast_head_json":{"title":"Ana Beatriz Fernandes - Follow-Up Tradu\u00e7\u00f5es T\u00e9cnicas, Tradu\u00e7\u00e3o Juramentada","robots":{"index":"index","follow":"follow","max-snippet":"max-snippet:-1","max-image-preview":"max-image-preview:large","max-video-preview":"max-video-preview:-1"},"canonical":"https:\/\/www.follow-up.com.br\/pt\/ana-beatriz-fernandes\/","og_locale":"pt_BR","og_type":"article","og_title":"Ana Beatriz Fernandes - Follow-Up Tradu\u00e7\u00f5es T\u00e9cnicas, Tradu\u00e7\u00e3o Juramentada","og_url":"https:\/\/www.follow-up.com.br\/pt\/ana-beatriz-fernandes\/","og_site_name":"Follow-Up Tradu\u00e7\u00f5es T\u00e9cnicas, Tradu\u00e7\u00e3o Juramentada","article_modified_time":"2023-03-04T00:09:15+00:00","twitter_card":"summary_large_image","twitter_misc":{"Est. tempo de leitura":"4 minutos"},"schema":{"@context":"https:\/\/schema.org","@graph":[{"@type":"WebPage","@id":"https:\/\/www.follow-up.com.br\/pt\/ana-beatriz-fernandes\/","url":"https:\/\/www.follow-up.com.br\/pt\/ana-beatriz-fernandes\/","name":"Ana Beatriz Fernandes - Follow-Up Tradu\u00e7\u00f5es T\u00e9cnicas, Tradu\u00e7\u00e3o Juramentada","isPartOf":{"@id":"https:\/\/www.follow-up.com.br\/pt\/#website"},"datePublished":"2016-07-28T22:36:31+00:00","dateModified":"2023-03-04T00:09:15+00:00","breadcrumb":{"@id":"https:\/\/www.follow-up.com.br\/pt\/ana-beatriz-fernandes\/#breadcrumb"},"inLanguage":"pt-BR","potentialAction":[{"@type":"ReadAction","target":["https:\/\/www.follow-up.com.br\/pt\/ana-beatriz-fernandes\/"]}]},{"@type":"BreadcrumbList","@id":"https:\/\/www.follow-up.com.br\/pt\/ana-beatriz-fernandes\/#breadcrumb","itemListElement":[{"@type":"ListItem","position":1,"name":"In\u00edcio","item":"https:\/\/www.follow-up.com.br\/pt\/"},{"@type":"ListItem","position":2,"name":"Ana Beatriz Fernandes"}]},{"@type":"WebSite","@id":"https:\/\/www.follow-up.com.br\/pt\/#website","url":"https:\/\/www.follow-up.com.br\/pt\/","name":"Follow-Up Tradu\u00e7\u00f5es T\u00e9cnicas, Tradu\u00e7\u00e3o Juramentada","description":"Tradu\u00e7\u00f5es T\u00e9cnicas em \u00c1reas Especializadas,Tradu\u00e7\u00e3o juramentada Localiza\u00e7\u00e3o de Software e Websites","potentialAction":[{"@type":"SearchAction","target":{"@type":"EntryPoint","urlTemplate":"https:\/\/www.follow-up.com.br\/pt\/?s={search_term_string}"},"query-input":{"@type":"PropertyValueSpecification","valueRequired":true,"valueName":"search_term_string"}}],"inLanguage":"pt-BR"}]}},"_links":{"self":[{"href":"https:\/\/www.follow-up.com.br\/pt\/wp-json\/wp\/v2\/pages\/296","targetHints":{"allow":["GET"]}}],"collection":[{"href":"https:\/\/www.follow-up.com.br\/pt\/wp-json\/wp\/v2\/pages"}],"about":[{"href":"https:\/\/www.follow-up.com.br\/pt\/wp-json\/wp\/v2\/types\/page"}],"author":[{"embeddable":true,"href":"https:\/\/www.follow-up.com.br\/pt\/wp-json\/wp\/v2\/users\/1"}],"replies":[{"embeddable":true,"href":"https:\/\/www.follow-up.com.br\/pt\/wp-json\/wp\/v2\/comments?post=296"}],"version-history":[{"count":13,"href":"https:\/\/www.follow-up.com.br\/pt\/wp-json\/wp\/v2\/pages\/296\/revisions"}],"predecessor-version":[{"id":1044,"href":"https:\/\/www.follow-up.com.br\/pt\/wp-json\/wp\/v2\/pages\/296\/revisions\/1044"}],"wp:attachment":[{"href":"https:\/\/www.follow-up.com.br\/pt\/wp-json\/wp\/v2\/media?parent=296"}],"curies":[{"name":"wp","href":"https:\/\/api.w.org\/{rel}","templated":true}]}}