{"id":324,"date":"2016-07-28T20:38:06","date_gmt":"2016-07-28T23:38:06","guid":{"rendered":"http:\/\/www.follow-up.com.br\/pt\/?page_id=324"},"modified":"2020-08-03T15:06:02","modified_gmt":"2020-08-03T18:06:02","slug":"luciana-lavor","status":"publish","type":"page","link":"https:\/\/www.follow-up.com.br\/pt\/luciana-lavor\/","title":{"rendered":"Luciana Lav\u00f4r"},"content":{"rendered":"\n<style type=\"text\/css\" data-created_by=\"avia_inline_auto\" id=\"style-css-av-av_heading-38ae83e377f12000aa8ae234e47e303d\">\n#top .av-special-heading.av-av_heading-38ae83e377f12000aa8ae234e47e303d{\npadding-bottom:10px;\n}\nbody .av-special-heading.av-av_heading-38ae83e377f12000aa8ae234e47e303d .av-special-heading-tag .heading-char{\nfont-size:25px;\n}\n.av-special-heading.av-av_heading-38ae83e377f12000aa8ae234e47e303d .av-subheading{\nfont-size:15px;\n}\n<\/style>\n<div  class='av-special-heading av-av_heading-38ae83e377f12000aa8ae234e47e303d av-special-heading-h1 blockquote modern-quote  avia-builder-el-0  el_before_av_heading  avia-builder-el-first '><h1 class='av-special-heading-tag'  itemprop=\"headline\"  >Luciana Lav\u00f4r<\/h1><div class=\"special-heading-border\"><div class=\"special-heading-inner-border\"><\/div><\/div><\/div>\n\n<style type=\"text\/css\" data-created_by=\"avia_inline_auto\" id=\"style-css-av-av_heading-1c30d4eefdec5f556c73d30639ab75f7\">\n#top .av-special-heading.av-av_heading-1c30d4eefdec5f556c73d30639ab75f7{\npadding-bottom:10px;\n}\nbody .av-special-heading.av-av_heading-1c30d4eefdec5f556c73d30639ab75f7 .av-special-heading-tag .heading-char{\nfont-size:25px;\n}\n.av-special-heading.av-av_heading-1c30d4eefdec5f556c73d30639ab75f7 .av-subheading{\nfont-size:15px;\n}\n<\/style>\n<div  class='av-special-heading av-av_heading-1c30d4eefdec5f556c73d30639ab75f7 av-special-heading-h3  avia-builder-el-1  el_after_av_heading  el_before_av_image '><h3 class='av-special-heading-tag'  itemprop=\"headline\"  >S\u00f3cia Diretora<\/h3><div class=\"special-heading-border\"><div class=\"special-heading-inner-border\"><\/div><\/div><\/div>\n\n<style type=\"text\/css\" data-created_by=\"avia_inline_auto\" id=\"style-css-av-1o8gak-a0d416cd2256205727c3a53417e70ec3\">\n.avia-image-container.av-1o8gak-a0d416cd2256205727c3a53417e70ec3 img.avia_image{\nbox-shadow:none;\n}\n.avia-image-container.av-1o8gak-a0d416cd2256205727c3a53417e70ec3 .av-image-caption-overlay-center{\ncolor:#ffffff;\n}\n<\/style>\n<div  class='avia-image-container av-1o8gak-a0d416cd2256205727c3a53417e70ec3 av-styling- avia-align-left  avia-builder-el-2  el_after_av_heading  el_before_av_hr '   itemprop=\"image\" itemscope=\"itemscope\" itemtype=\"https:\/\/schema.org\/ImageObject\" ><div class=\"avia-image-container-inner\"><div class=\"avia-image-overlay-wrap\"><img decoding=\"async\" fetchpriority=\"high\" class='wp-image-435 avia-img-lazy-loading-not-435 avia_image ' src=\"https:\/\/www.follow-up.com.br\/pt\/wp-content\/uploads\/2015\/10\/luciana-495x400.jpg\" alt='' title='SAMSUNG CAMERA PICTURES'  height=\"400\" width=\"495\"  itemprop=\"thumbnailUrl\" srcset=\"https:\/\/www.follow-up.com.br\/pt\/wp-content\/uploads\/2015\/10\/luciana-495x400.jpg 495w, https:\/\/www.follow-up.com.br\/pt\/wp-content\/uploads\/2015\/10\/luciana-845x684.jpg 845w\" sizes=\"(max-width: 495px) 100vw, 495px\" \/><\/div><\/div><\/div>\n<div  class='hr av-1m7at0-a2bcb5e7ce20951a9a2d83cf204b21b1 hr-default  avia-builder-el-3  el_after_av_image  el_before_av_button '><span class='hr-inner '><span class=\"hr-inner-style\"><\/span><\/span><\/div>\n<div  class='avia-button-wrap av-kdethu53-53be83f07c0588b09cc4ba2f96e4866e-wrap avia-button-left  avia-builder-el-4  el_after_av_hr  el_before_av_textblock '><a href='https:\/\/linkedin.com\/in\/luciana-lav\u00f4r' class='avia-button av-kdethu53-53be83f07c0588b09cc4ba2f96e4866e av-link-btn avia-icon_select-yes-left-icon avia-size-medium avia-position-left av-icon-on-hover avia-color-theme-color' target=\"_blank\" rel=\"noopener noreferrer\"><span class='avia_button_icon avia_button_icon_left' aria-hidden='true' data-av_icon='\ue8fc' data-av_iconfont='entypo-fontello'><\/span><span class='avia_iconbox_title' >LinkedIn<\/span><\/a><\/div>\n<section  class='av_textblock_section av-1diyz8-bcf6e94456e23fb5bf198988a85e3109 '   itemscope=\"itemscope\" itemtype=\"https:\/\/schema.org\/CreativeWork\" ><div class='avia_textblock'  itemprop=\"text\" ><p>No ramo da Tradu\u00e7\u00e3o\/Localiza\u00e7\u00e3o desde 1984, a Luciana \u00e9 a s\u00f3cia principal e fundadora da Follow-Up, onde exerce a Dire\u00e7\u00e3o Geral e a gest\u00e3o das \u00e1reas de Finan\u00e7as, Vendas e Marketing.<\/p>\n<p>Certificada pela (<a href=\"https:\/\/www.atanet.org\/onlinedirectories\/tsd_view.php?id=8984\" target=\"_blank\" rel=\"noopener noreferrer\">ATA<\/a>) e pelo <a href=\"http:\/\/www.localizationinstitute.com\/\" target=\"_blank\" rel=\"noopener noreferrer\">The Localization Institute<\/a>, possui o expertise necess\u00e1rio para eventualmente participar de alguns projetos de tradu\u00e7\u00e3o na empresa.<\/p>\n<\/div><\/section>\n\n<style type=\"text\/css\" data-created_by=\"avia_inline_auto\" id=\"style-css-av-av_heading-06deb89e45382056d8c5b8f61342eb18\">\n#top .av-special-heading.av-av_heading-06deb89e45382056d8c5b8f61342eb18{\npadding-bottom:10px;\n}\nbody .av-special-heading.av-av_heading-06deb89e45382056d8c5b8f61342eb18 .av-special-heading-tag .heading-char{\nfont-size:25px;\n}\n.av-special-heading.av-av_heading-06deb89e45382056d8c5b8f61342eb18 .av-subheading{\nfont-size:15px;\n}\n<\/style>\n<div  class='av-special-heading av-av_heading-06deb89e45382056d8c5b8f61342eb18 av-special-heading-h3  avia-builder-el-6  el_after_av_textblock  el_before_av_two_fifth '><h3 class='av-special-heading-tag'  itemprop=\"headline\"  >Certifica\u00e7\u00e3o da ATA<\/h3><div class=\"special-heading-border\"><div class=\"special-heading-inner-border\"><\/div><\/div><\/div>\n\n<style type=\"text\/css\" data-created_by=\"avia_inline_auto\" id=\"style-css-av-av_two_fifth-79ff81c021393065cee878051452f6a6\">\n.flex_column.av-av_two_fifth-79ff81c021393065cee878051452f6a6{\nborder-radius:0px 0px 0px 0px;\npadding:0px 0px 0px 0px;\n}\n<\/style>\n<div  class='flex_column av-av_two_fifth-79ff81c021393065cee878051452f6a6 av_two_fifth  avia-builder-el-7  el_after_av_heading  el_before_av_one_fifth  first flex_column_div av-zero-column-padding  '     ><style type=\"text\/css\" data-created_by=\"avia_inline_auto\" id=\"style-css-av-15hfd8-60bb8e13d56d8b1ad53c550d02344ffc\">\n.avia-image-container.av-15hfd8-60bb8e13d56d8b1ad53c550d02344ffc img.avia_image{\nbox-shadow:none;\n}\n.avia-image-container.av-15hfd8-60bb8e13d56d8b1ad53c550d02344ffc .av-image-caption-overlay-center{\ncolor:#ffffff;\n}\n<\/style>\n<div  class='avia-image-container av-15hfd8-60bb8e13d56d8b1ad53c550d02344ffc av-styling- avia-align-left  avia-builder-el-8  avia-builder-el-no-sibling '   itemprop=\"image\" itemscope=\"itemscope\" itemtype=\"https:\/\/schema.org\/ImageObject\" ><div class=\"avia-image-container-inner\"><div class=\"avia-image-overlay-wrap\"><img decoding=\"async\" fetchpriority=\"high\" class='wp-image-506 avia-img-lazy-loading-not-506 avia_image ' src=\"https:\/\/www.follow-up.com.br\/pt\/wp-content\/uploads\/2016\/07\/ATA-Certificate-Luciana-1-495x400.jpg\" alt='' title='ata-certificate-luciana-1'  height=\"400\" width=\"495\"  itemprop=\"thumbnailUrl\" srcset=\"https:\/\/www.follow-up.com.br\/pt\/wp-content\/uploads\/2016\/07\/ATA-Certificate-Luciana-1-495x400.jpg 495w, https:\/\/www.follow-up.com.br\/pt\/wp-content\/uploads\/2016\/07\/ATA-Certificate-Luciana-1-845x684.jpg 845w\" sizes=\"(max-width: 495px) 100vw, 495px\" \/><\/div><\/div><\/div><\/div>\n<style type=\"text\/css\" data-created_by=\"avia_inline_auto\" id=\"style-css-av-av_one_fifth-49f6e875884219cf77c24341e550af53\">\n.flex_column.av-av_one_fifth-49f6e875884219cf77c24341e550af53{\nborder-radius:0px 0px 0px 0px;\npadding:0px 0px 0px 0px;\n}\n<\/style>\n<div  class='flex_column av-av_one_fifth-49f6e875884219cf77c24341e550af53 av_one_fifth  avia-builder-el-9  el_after_av_two_fifth  el_before_av_one_full  flex_column_div av-zero-column-padding  '     ><p>\n<style type=\"text\/css\" data-created_by=\"avia_inline_auto\" id=\"style-css-av-15hfd8-a859a20c037142f7795b3aa245cdd5a5\">\n.avia-image-container.av-15hfd8-a859a20c037142f7795b3aa245cdd5a5 img.avia_image{\nbox-shadow:none;\n}\n.avia-image-container.av-15hfd8-a859a20c037142f7795b3aa245cdd5a5 .av-image-caption-overlay-center{\ncolor:#ffffff;\n}\n<\/style>\n<div  class='avia-image-container av-15hfd8-a859a20c037142f7795b3aa245cdd5a5 av-styling- av-img-linked avia-align-center  avia-builder-el-10  el_before_av_textblock  avia-builder-el-first '   itemprop=\"image\" itemscope=\"itemscope\" itemtype=\"https:\/\/schema.org\/ImageObject\" ><div class=\"avia-image-container-inner\"><div class=\"avia-image-overlay-wrap\"><a href=\"https:\/\/www.atanet.org\/certification\/check_certifications.php\" class='avia_image ' target=\"_blank\" rel=\"noopener noreferrer\" aria-label='E-CertStamp-469740-23'><img decoding=\"async\" fetchpriority=\"high\" class='wp-image-895 avia-img-lazy-loading-not-895 avia_image ' src=\"https:\/\/www.follow-up.com.br\/pt\/wp-content\/uploads\/2020\/08\/E-CertStamp-469740-23-249x300.jpg\" alt='' title='E-CertStamp-469740-23'  height=\"300\" width=\"249\"  itemprop=\"thumbnailUrl\" srcset=\"https:\/\/www.follow-up.com.br\/pt\/wp-content\/uploads\/2020\/08\/E-CertStamp-469740-23-249x300.jpg 249w, https:\/\/www.follow-up.com.br\/pt\/wp-content\/uploads\/2020\/08\/E-CertStamp-469740-23.jpg 400w\" sizes=\"(max-width: 249px) 100vw, 249px\" \/><\/a><\/div><\/div><\/div><br \/>\n<section  class='av_textblock_section av-kdeto332-2bcbe9c278c854d002c4c07d9717624f '   itemscope=\"itemscope\" itemtype=\"https:\/\/schema.org\/CreativeWork\" ><div class='avia_textblock'  itemprop=\"text\" ><h4 style=\"text-align: center;\">Certifica\u00e7\u00e3o #469740<\/h4>\n<\/div><\/section><\/p><\/div>\n<style type=\"text\/css\" data-created_by=\"avia_inline_auto\" id=\"style-css-av-ultdg-c62ad25c2a833118d762bf7428f00c2b\">\n.flex_column.av-ultdg-c62ad25c2a833118d762bf7428f00c2b{\nborder-radius:0px 0px 0px 0px;\npadding:0px 0px 0px 0px;\n}\n<\/style>\n<div  class='flex_column av-ultdg-c62ad25c2a833118d762bf7428f00c2b av_one_full  avia-builder-el-12  el_after_av_one_fifth  el_before_av_heading  first flex_column_div av-zero-column-padding  column-top-margin'     ><\/div><\/p>\n\n<style type=\"text\/css\" data-created_by=\"avia_inline_auto\" id=\"style-css-av-av_heading-e69f5185cfd6223dbc5c2dda812e41f3\">\n#top .av-special-heading.av-av_heading-e69f5185cfd6223dbc5c2dda812e41f3{\npadding-bottom:10px;\n}\nbody .av-special-heading.av-av_heading-e69f5185cfd6223dbc5c2dda812e41f3 .av-special-heading-tag .heading-char{\nfont-size:25px;\n}\n.av-special-heading.av-av_heading-e69f5185cfd6223dbc5c2dda812e41f3 .av-subheading{\nfont-size:15px;\n}\n<\/style>\n<div  class='av-special-heading av-av_heading-e69f5185cfd6223dbc5c2dda812e41f3 av-special-heading-h3  avia-builder-el-13  el_after_av_one_full  el_before_av_image '><h3 class='av-special-heading-tag'  itemprop=\"headline\"  >Certifica\u00e7\u00e3o do The Localization Institute<\/h3><div class=\"special-heading-border\"><div class=\"special-heading-inner-border\"><\/div><\/div><\/div>\n\n<style type=\"text\/css\" data-created_by=\"avia_inline_auto\" id=\"style-css-av-igt4c-7a48ff7a68f86855c664873274b2c7ca\">\n.avia-image-container.av-igt4c-7a48ff7a68f86855c664873274b2c7ca img.avia_image{\nbox-shadow:none;\n}\n.avia-image-container.av-igt4c-7a48ff7a68f86855c664873274b2c7ca .av-image-caption-overlay-center{\ncolor:#ffffff;\n}\n<\/style>\n<div  class='avia-image-container av-igt4c-7a48ff7a68f86855c664873274b2c7ca av-styling- avia-align-left  avia-builder-el-14  el_after_av_heading  el_before_av_hr '   itemprop=\"image\" itemscope=\"itemscope\" itemtype=\"https:\/\/schema.org\/ImageObject\" ><div class=\"avia-image-container-inner\"><div class=\"avia-image-overlay-wrap\"><img decoding=\"async\" fetchpriority=\"high\" class='wp-image-507 avia-img-lazy-loading-not-507 avia_image ' src=\"https:\/\/www.follow-up.com.br\/pt\/wp-content\/uploads\/2016\/07\/The-Localization-Institute-495x400.jpg\" alt='' title='the-localization-institute'  height=\"400\" width=\"495\"  itemprop=\"thumbnailUrl\" srcset=\"https:\/\/www.follow-up.com.br\/pt\/wp-content\/uploads\/2016\/07\/The-Localization-Institute-495x400.jpg 495w, https:\/\/www.follow-up.com.br\/pt\/wp-content\/uploads\/2016\/07\/The-Localization-Institute-845x684.jpg 845w\" sizes=\"(max-width: 495px) 100vw, 495px\" \/><\/div><\/div><\/div>\n<div  class='hr av-1fwb0-4b03790cfdd2c852ed1a408d01edcdce hr-default  avia-builder-el-15  el_after_av_image  el_before_av_textblock '><span class='hr-inner '><span class=\"hr-inner-style\"><\/span><\/span><\/div>\n<section  class='av_textblock_section av-a2gv0-363bd9d818092e7d779a6fe30170ac11 '   itemscope=\"itemscope\" itemtype=\"https:\/\/schema.org\/CreativeWork\" ><div class='avia_textblock'  itemprop=\"text\" ><p>Luciana Lav\u00f4r \u00e9 uma Profissional de Localiza\u00e7\u00e3o certificada pelo The Localization Institute (http:\/\/www.localizationinstitute.com\/).<\/p>\n<p>Este Programa de Certifica\u00e7\u00e3o em Localiza\u00e7\u00e3o foi desenvolvido por especialistas do mercado, representando as principais associa\u00e7\u00f5es profissionais, editoras e institui\u00e7\u00f5es de ensino do ramo. O programa oferece uma oportunidade de treinamento \u00fanica para que os participantes atinjam a compet\u00eancia m\u00e1xima no crescente setor de localiza\u00e7\u00e3o e e-business internacional.<\/p>\n<\/div><\/section>\n","protected":false},"excerpt":{"rendered":"","protected":false},"author":1,"featured_media":0,"parent":0,"menu_order":0,"comment_status":"closed","ping_status":"closed","template":"","meta":{"_joinchat":[],"footnotes":""},"class_list":["post-324","page","type-page","status-publish","hentry"],"yoast_head":"<!-- This site is optimized with the Yoast SEO plugin v26.9 - https:\/\/yoast.com\/product\/yoast-seo-wordpress\/ -->\n<title>Luciana Lav\u00f4r - Follow-Up Tradu\u00e7\u00f5es T\u00e9cnicas, Tradu\u00e7\u00e3o Juramentada<\/title>\n<meta name=\"robots\" content=\"index, follow, max-snippet:-1, max-image-preview:large, max-video-preview:-1\" \/>\n<link rel=\"canonical\" href=\"https:\/\/www.follow-up.com.br\/pt\/luciana-lavor\/\" \/>\n<meta property=\"og:locale\" content=\"pt_BR\" \/>\n<meta property=\"og:type\" content=\"article\" \/>\n<meta property=\"og:title\" content=\"Luciana Lav\u00f4r - Follow-Up Tradu\u00e7\u00f5es T\u00e9cnicas, Tradu\u00e7\u00e3o Juramentada\" \/>\n<meta property=\"og:url\" content=\"https:\/\/www.follow-up.com.br\/pt\/luciana-lavor\/\" \/>\n<meta property=\"og:site_name\" content=\"Follow-Up Tradu\u00e7\u00f5es T\u00e9cnicas, Tradu\u00e7\u00e3o Juramentada\" \/>\n<meta property=\"article:modified_time\" content=\"2020-08-03T18:06:02+00:00\" \/>\n<meta name=\"twitter:card\" content=\"summary_large_image\" \/>\n<meta name=\"twitter:label1\" content=\"Est. tempo de leitura\" \/>\n\t<meta name=\"twitter:data1\" content=\"6 minutos\" \/>\n<script type=\"application\/ld+json\" class=\"yoast-schema-graph\">{\"@context\":\"https:\/\/schema.org\",\"@graph\":[{\"@type\":\"WebPage\",\"@id\":\"https:\/\/www.follow-up.com.br\/pt\/luciana-lavor\/\",\"url\":\"https:\/\/www.follow-up.com.br\/pt\/luciana-lavor\/\",\"name\":\"Luciana Lav\u00f4r - Follow-Up Tradu\u00e7\u00f5es T\u00e9cnicas, Tradu\u00e7\u00e3o Juramentada\",\"isPartOf\":{\"@id\":\"https:\/\/www.follow-up.com.br\/pt\/#website\"},\"datePublished\":\"2016-07-28T23:38:06+00:00\",\"dateModified\":\"2020-08-03T18:06:02+00:00\",\"breadcrumb\":{\"@id\":\"https:\/\/www.follow-up.com.br\/pt\/luciana-lavor\/#breadcrumb\"},\"inLanguage\":\"pt-BR\",\"potentialAction\":[{\"@type\":\"ReadAction\",\"target\":[\"https:\/\/www.follow-up.com.br\/pt\/luciana-lavor\/\"]}]},{\"@type\":\"BreadcrumbList\",\"@id\":\"https:\/\/www.follow-up.com.br\/pt\/luciana-lavor\/#breadcrumb\",\"itemListElement\":[{\"@type\":\"ListItem\",\"position\":1,\"name\":\"In\u00edcio\",\"item\":\"https:\/\/www.follow-up.com.br\/pt\/\"},{\"@type\":\"ListItem\",\"position\":2,\"name\":\"Luciana Lav\u00f4r\"}]},{\"@type\":\"WebSite\",\"@id\":\"https:\/\/www.follow-up.com.br\/pt\/#website\",\"url\":\"https:\/\/www.follow-up.com.br\/pt\/\",\"name\":\"Follow-Up Tradu\u00e7\u00f5es T\u00e9cnicas, Tradu\u00e7\u00e3o Juramentada\",\"description\":\"Tradu\u00e7\u00f5es T\u00e9cnicas em \u00c1reas Especializadas,Tradu\u00e7\u00e3o juramentada Localiza\u00e7\u00e3o de Software e Websites\",\"potentialAction\":[{\"@type\":\"SearchAction\",\"target\":{\"@type\":\"EntryPoint\",\"urlTemplate\":\"https:\/\/www.follow-up.com.br\/pt\/?s={search_term_string}\"},\"query-input\":{\"@type\":\"PropertyValueSpecification\",\"valueRequired\":true,\"valueName\":\"search_term_string\"}}],\"inLanguage\":\"pt-BR\"}]}<\/script>\n<!-- \/ Yoast SEO plugin. -->","yoast_head_json":{"title":"Luciana Lav\u00f4r - Follow-Up Tradu\u00e7\u00f5es T\u00e9cnicas, Tradu\u00e7\u00e3o Juramentada","robots":{"index":"index","follow":"follow","max-snippet":"max-snippet:-1","max-image-preview":"max-image-preview:large","max-video-preview":"max-video-preview:-1"},"canonical":"https:\/\/www.follow-up.com.br\/pt\/luciana-lavor\/","og_locale":"pt_BR","og_type":"article","og_title":"Luciana Lav\u00f4r - Follow-Up Tradu\u00e7\u00f5es T\u00e9cnicas, Tradu\u00e7\u00e3o Juramentada","og_url":"https:\/\/www.follow-up.com.br\/pt\/luciana-lavor\/","og_site_name":"Follow-Up Tradu\u00e7\u00f5es T\u00e9cnicas, Tradu\u00e7\u00e3o Juramentada","article_modified_time":"2020-08-03T18:06:02+00:00","twitter_card":"summary_large_image","twitter_misc":{"Est. tempo de leitura":"6 minutos"},"schema":{"@context":"https:\/\/schema.org","@graph":[{"@type":"WebPage","@id":"https:\/\/www.follow-up.com.br\/pt\/luciana-lavor\/","url":"https:\/\/www.follow-up.com.br\/pt\/luciana-lavor\/","name":"Luciana Lav\u00f4r - Follow-Up Tradu\u00e7\u00f5es T\u00e9cnicas, Tradu\u00e7\u00e3o Juramentada","isPartOf":{"@id":"https:\/\/www.follow-up.com.br\/pt\/#website"},"datePublished":"2016-07-28T23:38:06+00:00","dateModified":"2020-08-03T18:06:02+00:00","breadcrumb":{"@id":"https:\/\/www.follow-up.com.br\/pt\/luciana-lavor\/#breadcrumb"},"inLanguage":"pt-BR","potentialAction":[{"@type":"ReadAction","target":["https:\/\/www.follow-up.com.br\/pt\/luciana-lavor\/"]}]},{"@type":"BreadcrumbList","@id":"https:\/\/www.follow-up.com.br\/pt\/luciana-lavor\/#breadcrumb","itemListElement":[{"@type":"ListItem","position":1,"name":"In\u00edcio","item":"https:\/\/www.follow-up.com.br\/pt\/"},{"@type":"ListItem","position":2,"name":"Luciana Lav\u00f4r"}]},{"@type":"WebSite","@id":"https:\/\/www.follow-up.com.br\/pt\/#website","url":"https:\/\/www.follow-up.com.br\/pt\/","name":"Follow-Up Tradu\u00e7\u00f5es T\u00e9cnicas, Tradu\u00e7\u00e3o Juramentada","description":"Tradu\u00e7\u00f5es T\u00e9cnicas em \u00c1reas Especializadas,Tradu\u00e7\u00e3o juramentada Localiza\u00e7\u00e3o de Software e Websites","potentialAction":[{"@type":"SearchAction","target":{"@type":"EntryPoint","urlTemplate":"https:\/\/www.follow-up.com.br\/pt\/?s={search_term_string}"},"query-input":{"@type":"PropertyValueSpecification","valueRequired":true,"valueName":"search_term_string"}}],"inLanguage":"pt-BR"}]}},"_links":{"self":[{"href":"https:\/\/www.follow-up.com.br\/pt\/wp-json\/wp\/v2\/pages\/324","targetHints":{"allow":["GET"]}}],"collection":[{"href":"https:\/\/www.follow-up.com.br\/pt\/wp-json\/wp\/v2\/pages"}],"about":[{"href":"https:\/\/www.follow-up.com.br\/pt\/wp-json\/wp\/v2\/types\/page"}],"author":[{"embeddable":true,"href":"https:\/\/www.follow-up.com.br\/pt\/wp-json\/wp\/v2\/users\/1"}],"replies":[{"embeddable":true,"href":"https:\/\/www.follow-up.com.br\/pt\/wp-json\/wp\/v2\/comments?post=324"}],"version-history":[{"count":19,"href":"https:\/\/www.follow-up.com.br\/pt\/wp-json\/wp\/v2\/pages\/324\/revisions"}],"predecessor-version":[{"id":1035,"href":"https:\/\/www.follow-up.com.br\/pt\/wp-json\/wp\/v2\/pages\/324\/revisions\/1035"}],"wp:attachment":[{"href":"https:\/\/www.follow-up.com.br\/pt\/wp-json\/wp\/v2\/media?parent=324"}],"curies":[{"name":"wp","href":"https:\/\/api.w.org\/{rel}","templated":true}]}}