{"id":329,"date":"2016-07-28T20:42:02","date_gmt":"2016-07-28T23:42:02","guid":{"rendered":"http:\/\/www.follow-up.com.br\/pt\/?page_id=329"},"modified":"2023-03-03T21:17:54","modified_gmt":"2023-03-04T00:17:54","slug":"adriana-valina","status":"publish","type":"page","link":"https:\/\/www.follow-up.com.br\/pt\/adriana-valina\/","title":{"rendered":"Adriana Vali\u00f1a"},"content":{"rendered":"\n<style type=\"text\/css\" data-created_by=\"avia_inline_auto\" id=\"style-css-av-wdfi1-98210a8123da331f825ff7086de732f0\">\n#top .av-special-heading.av-wdfi1-98210a8123da331f825ff7086de732f0{\npadding-bottom:10px;\n}\nbody .av-special-heading.av-wdfi1-98210a8123da331f825ff7086de732f0 .av-special-heading-tag .heading-char{\nfont-size:25px;\n}\n.av-special-heading.av-wdfi1-98210a8123da331f825ff7086de732f0 .av-subheading{\nfont-size:15px;\n}\n<\/style>\n<div  class='av-special-heading av-wdfi1-98210a8123da331f825ff7086de732f0 av-special-heading-h1 blockquote modern-quote  avia-builder-el-0  el_before_av_heading  avia-builder-el-first '><h1 class='av-special-heading-tag'  itemprop=\"headline\"  >Adriana Vali\u00f1a<\/h1><div class=\"special-heading-border\"><div class=\"special-heading-inner-border\"><\/div><\/div><\/div>\n\n<style type=\"text\/css\" data-created_by=\"avia_inline_auto\" id=\"style-css-av-2ooyp-dd7bf4114ad024873ff7fa84cd99f789\">\n#top .av-special-heading.av-2ooyp-dd7bf4114ad024873ff7fa84cd99f789{\npadding-bottom:10px;\n}\nbody .av-special-heading.av-2ooyp-dd7bf4114ad024873ff7fa84cd99f789 .av-special-heading-tag .heading-char{\nfont-size:25px;\n}\n.av-special-heading.av-2ooyp-dd7bf4114ad024873ff7fa84cd99f789 .av-subheading{\nfont-size:15px;\n}\n<\/style>\n<div  class='av-special-heading av-2ooyp-dd7bf4114ad024873ff7fa84cd99f789 av-special-heading-h3  avia-builder-el-1  el_after_av_heading  el_before_av_image '><h3 class='av-special-heading-tag'  itemprop=\"headline\"  >Diretora de Produ\u00e7\u00e3o<\/h3><div class=\"special-heading-border\"><div class=\"special-heading-inner-border\"><\/div><\/div><\/div>\n\n<style type=\"text\/css\" data-created_by=\"avia_inline_auto\" id=\"style-css-av-m2l6x-7ae206aacfaf67834145b7a46bb7e03a\">\n.avia-image-container.av-m2l6x-7ae206aacfaf67834145b7a46bb7e03a img.avia_image{\nbox-shadow:none;\n}\n.avia-image-container.av-m2l6x-7ae206aacfaf67834145b7a46bb7e03a .av-image-caption-overlay-center{\ncolor:#ffffff;\n}\n<\/style>\n<div  class='avia-image-container av-m2l6x-7ae206aacfaf67834145b7a46bb7e03a av-styling- avia-align-left  avia-builder-el-2  el_after_av_heading  el_before_av_hr '   itemprop=\"image\" itemscope=\"itemscope\" itemtype=\"https:\/\/schema.org\/ImageObject\" ><div class=\"avia-image-container-inner\"><div class=\"avia-image-overlay-wrap\"><img decoding=\"async\" fetchpriority=\"high\" class='wp-image-437 avia-img-lazy-loading-not-437 avia_image ' src=\"https:\/\/www.follow-up.com.br\/pt\/wp-content\/uploads\/2015\/10\/dri-495x400.jpg\" alt='' title='SAMSUNG CAMERA PICTURES'  height=\"400\" width=\"495\"  itemprop=\"thumbnailUrl\" srcset=\"https:\/\/www.follow-up.com.br\/pt\/wp-content\/uploads\/2015\/10\/dri-495x400.jpg 495w, https:\/\/www.follow-up.com.br\/pt\/wp-content\/uploads\/2015\/10\/dri-845x684.jpg 845w\" sizes=\"(max-width: 495px) 100vw, 495px\" \/><\/div><\/div><\/div>\n<div  class='hr av-fugip-c335354130420af29a66dd15e57d10ec hr-default  avia-builder-el-3  el_after_av_image  el_before_av_button '><span class='hr-inner '><span class=\"hr-inner-style\"><\/span><\/span><\/div>\n<div  class='avia-button-wrap av-let7twc4-0ac8a856f86bd6ff173616a306586ac5-wrap avia-button-left  avia-builder-el-4  el_after_av_hr  el_before_av_textblock '><a href='https:\/\/www.linkedin.com\/in\/adriana-vali%C3%B1a-37406314a' class='avia-button av-let7twc4-0ac8a856f86bd6ff173616a306586ac5 av-link-btn avia-icon_select-yes-left-icon avia-size-medium avia-position-left avia-color-theme-color' target=\"_blank\" rel=\"noopener noreferrer\"><span class='avia_button_icon avia_button_icon_left' aria-hidden='true' data-av_icon='\ue8fc' data-av_iconfont='entypo-fontello'><\/span><span class='avia_iconbox_title' >Linkedin<\/span><\/a><\/div>\n<section  class='av_textblock_section av-8yloh-1b4a365922f6d25e6c0eeb6a1ea2edf5 '   itemscope=\"itemscope\" itemtype=\"https:\/\/schema.org\/CreativeWork\" ><div class='avia_textblock'  itemprop=\"text\" ><p>Desde 1994 na Follow-Up, a Adriana cuida de RH e da Ger\u00eancia de Projetos, que engloba o atendimento a clientes e a gest\u00e3o de toda a execu\u00e7\u00e3o dos projetos de tradu\u00e7\u00e3o.<\/p>\n<p>Do or\u00e7amento \u00e0 entrega final, que pode ser apenas um pequeno documento ou um conjunto de arquivos, a Adriana lidera toda a equipe envolvida no trabalho.<\/p>\n<\/div><\/section>\n","protected":false},"excerpt":{"rendered":"","protected":false},"author":1,"featured_media":0,"parent":0,"menu_order":0,"comment_status":"closed","ping_status":"closed","template":"","meta":{"_joinchat":[],"footnotes":""},"class_list":["post-329","page","type-page","status-publish","hentry"],"yoast_head":"<!-- This site is optimized with the Yoast SEO plugin v26.9 - https:\/\/yoast.com\/product\/yoast-seo-wordpress\/ -->\n<title>Adriana Vali\u00f1a - Follow-Up Tradu\u00e7\u00f5es T\u00e9cnicas, Tradu\u00e7\u00e3o Juramentada<\/title>\n<meta name=\"description\" content=\"Adriana Vali\u00f1a, Projetos de tradu\u00e7\u00e3o\" \/>\n<meta name=\"robots\" content=\"index, follow, max-snippet:-1, max-image-preview:large, max-video-preview:-1\" \/>\n<link rel=\"canonical\" href=\"https:\/\/www.follow-up.com.br\/pt\/adriana-valina\/\" \/>\n<meta property=\"og:locale\" content=\"pt_BR\" \/>\n<meta property=\"og:type\" content=\"article\" \/>\n<meta property=\"og:title\" content=\"Adriana Vali\u00f1a - Follow-Up Tradu\u00e7\u00f5es T\u00e9cnicas, Tradu\u00e7\u00e3o Juramentada\" \/>\n<meta property=\"og:description\" content=\"Adriana Vali\u00f1a, Projetos de tradu\u00e7\u00e3o\" \/>\n<meta property=\"og:url\" content=\"https:\/\/www.follow-up.com.br\/pt\/adriana-valina\/\" \/>\n<meta property=\"og:site_name\" content=\"Follow-Up Tradu\u00e7\u00f5es T\u00e9cnicas, Tradu\u00e7\u00e3o Juramentada\" \/>\n<meta property=\"article:modified_time\" content=\"2023-03-04T00:17:54+00:00\" \/>\n<meta name=\"twitter:card\" content=\"summary_large_image\" \/>\n<meta name=\"twitter:label1\" content=\"Est. tempo de leitura\" \/>\n\t<meta name=\"twitter:data1\" content=\"4 minutos\" \/>\n<script type=\"application\/ld+json\" class=\"yoast-schema-graph\">{\"@context\":\"https:\/\/schema.org\",\"@graph\":[{\"@type\":\"WebPage\",\"@id\":\"https:\/\/www.follow-up.com.br\/pt\/adriana-valina\/\",\"url\":\"https:\/\/www.follow-up.com.br\/pt\/adriana-valina\/\",\"name\":\"Adriana Vali\u00f1a - Follow-Up Tradu\u00e7\u00f5es T\u00e9cnicas, Tradu\u00e7\u00e3o Juramentada\",\"isPartOf\":{\"@id\":\"https:\/\/www.follow-up.com.br\/pt\/#website\"},\"datePublished\":\"2016-07-28T23:42:02+00:00\",\"dateModified\":\"2023-03-04T00:17:54+00:00\",\"description\":\"Adriana Vali\u00f1a, Projetos de tradu\u00e7\u00e3o\",\"breadcrumb\":{\"@id\":\"https:\/\/www.follow-up.com.br\/pt\/adriana-valina\/#breadcrumb\"},\"inLanguage\":\"pt-BR\",\"potentialAction\":[{\"@type\":\"ReadAction\",\"target\":[\"https:\/\/www.follow-up.com.br\/pt\/adriana-valina\/\"]}]},{\"@type\":\"BreadcrumbList\",\"@id\":\"https:\/\/www.follow-up.com.br\/pt\/adriana-valina\/#breadcrumb\",\"itemListElement\":[{\"@type\":\"ListItem\",\"position\":1,\"name\":\"In\u00edcio\",\"item\":\"https:\/\/www.follow-up.com.br\/pt\/\"},{\"@type\":\"ListItem\",\"position\":2,\"name\":\"Adriana Vali\u00f1a\"}]},{\"@type\":\"WebSite\",\"@id\":\"https:\/\/www.follow-up.com.br\/pt\/#website\",\"url\":\"https:\/\/www.follow-up.com.br\/pt\/\",\"name\":\"Follow-Up Tradu\u00e7\u00f5es T\u00e9cnicas, Tradu\u00e7\u00e3o Juramentada\",\"description\":\"Tradu\u00e7\u00f5es T\u00e9cnicas em \u00c1reas Especializadas,Tradu\u00e7\u00e3o juramentada Localiza\u00e7\u00e3o de Software e Websites\",\"potentialAction\":[{\"@type\":\"SearchAction\",\"target\":{\"@type\":\"EntryPoint\",\"urlTemplate\":\"https:\/\/www.follow-up.com.br\/pt\/?s={search_term_string}\"},\"query-input\":{\"@type\":\"PropertyValueSpecification\",\"valueRequired\":true,\"valueName\":\"search_term_string\"}}],\"inLanguage\":\"pt-BR\"}]}<\/script>\n<!-- \/ Yoast SEO plugin. -->","yoast_head_json":{"title":"Adriana Vali\u00f1a - Follow-Up Tradu\u00e7\u00f5es T\u00e9cnicas, Tradu\u00e7\u00e3o Juramentada","description":"Adriana Vali\u00f1a, Projetos de tradu\u00e7\u00e3o","robots":{"index":"index","follow":"follow","max-snippet":"max-snippet:-1","max-image-preview":"max-image-preview:large","max-video-preview":"max-video-preview:-1"},"canonical":"https:\/\/www.follow-up.com.br\/pt\/adriana-valina\/","og_locale":"pt_BR","og_type":"article","og_title":"Adriana Vali\u00f1a - Follow-Up Tradu\u00e7\u00f5es T\u00e9cnicas, Tradu\u00e7\u00e3o Juramentada","og_description":"Adriana Vali\u00f1a, Projetos de tradu\u00e7\u00e3o","og_url":"https:\/\/www.follow-up.com.br\/pt\/adriana-valina\/","og_site_name":"Follow-Up Tradu\u00e7\u00f5es T\u00e9cnicas, Tradu\u00e7\u00e3o Juramentada","article_modified_time":"2023-03-04T00:17:54+00:00","twitter_card":"summary_large_image","twitter_misc":{"Est. tempo de leitura":"4 minutos"},"schema":{"@context":"https:\/\/schema.org","@graph":[{"@type":"WebPage","@id":"https:\/\/www.follow-up.com.br\/pt\/adriana-valina\/","url":"https:\/\/www.follow-up.com.br\/pt\/adriana-valina\/","name":"Adriana Vali\u00f1a - Follow-Up Tradu\u00e7\u00f5es T\u00e9cnicas, Tradu\u00e7\u00e3o Juramentada","isPartOf":{"@id":"https:\/\/www.follow-up.com.br\/pt\/#website"},"datePublished":"2016-07-28T23:42:02+00:00","dateModified":"2023-03-04T00:17:54+00:00","description":"Adriana Vali\u00f1a, Projetos de tradu\u00e7\u00e3o","breadcrumb":{"@id":"https:\/\/www.follow-up.com.br\/pt\/adriana-valina\/#breadcrumb"},"inLanguage":"pt-BR","potentialAction":[{"@type":"ReadAction","target":["https:\/\/www.follow-up.com.br\/pt\/adriana-valina\/"]}]},{"@type":"BreadcrumbList","@id":"https:\/\/www.follow-up.com.br\/pt\/adriana-valina\/#breadcrumb","itemListElement":[{"@type":"ListItem","position":1,"name":"In\u00edcio","item":"https:\/\/www.follow-up.com.br\/pt\/"},{"@type":"ListItem","position":2,"name":"Adriana Vali\u00f1a"}]},{"@type":"WebSite","@id":"https:\/\/www.follow-up.com.br\/pt\/#website","url":"https:\/\/www.follow-up.com.br\/pt\/","name":"Follow-Up Tradu\u00e7\u00f5es T\u00e9cnicas, Tradu\u00e7\u00e3o Juramentada","description":"Tradu\u00e7\u00f5es T\u00e9cnicas em \u00c1reas Especializadas,Tradu\u00e7\u00e3o juramentada Localiza\u00e7\u00e3o de Software e Websites","potentialAction":[{"@type":"SearchAction","target":{"@type":"EntryPoint","urlTemplate":"https:\/\/www.follow-up.com.br\/pt\/?s={search_term_string}"},"query-input":{"@type":"PropertyValueSpecification","valueRequired":true,"valueName":"search_term_string"}}],"inLanguage":"pt-BR"}]}},"_links":{"self":[{"href":"https:\/\/www.follow-up.com.br\/pt\/wp-json\/wp\/v2\/pages\/329","targetHints":{"allow":["GET"]}}],"collection":[{"href":"https:\/\/www.follow-up.com.br\/pt\/wp-json\/wp\/v2\/pages"}],"about":[{"href":"https:\/\/www.follow-up.com.br\/pt\/wp-json\/wp\/v2\/types\/page"}],"author":[{"embeddable":true,"href":"https:\/\/www.follow-up.com.br\/pt\/wp-json\/wp\/v2\/users\/1"}],"replies":[{"embeddable":true,"href":"https:\/\/www.follow-up.com.br\/pt\/wp-json\/wp\/v2\/comments?post=329"}],"version-history":[{"count":20,"href":"https:\/\/www.follow-up.com.br\/pt\/wp-json\/wp\/v2\/pages\/329\/revisions"}],"predecessor-version":[{"id":1046,"href":"https:\/\/www.follow-up.com.br\/pt\/wp-json\/wp\/v2\/pages\/329\/revisions\/1046"}],"wp:attachment":[{"href":"https:\/\/www.follow-up.com.br\/pt\/wp-json\/wp\/v2\/media?parent=329"}],"curies":[{"name":"wp","href":"https:\/\/api.w.org\/{rel}","templated":true}]}}